{"id":145,"date":"2021-09-24T07:58:55","date_gmt":"2021-09-24T05:58:55","guid":{"rendered":"https:\/\/provaccoo.webs.upv.es\/?page_id=145"},"modified":"2021-09-24T07:58:55","modified_gmt":"2021-09-24T05:58:55","slug":"noticias-destacadas-2","status":"publish","type":"page","link":"https:\/\/ccoo2-upv.webs.upv.es\/?page_id=145","title":{"rendered":"Noticias Destacadas"},"content":{"rendered":"\t\t<div data-elementor-type=\"wp-page\" data-elementor-id=\"145\" class=\"elementor elementor-145\">\n\t\t\t\t\t\t<section class=\"elementor-section elementor-top-section elementor-element elementor-element-fb06bf0 elementor-section-boxed elementor-section-height-default elementor-section-height-default\" data-id=\"fb06bf0\" data-element_type=\"section\">\n\t\t\t\t\t\t<div class=\"elementor-container elementor-column-gap-default\">\n\t\t\t\t\t<div class=\"elementor-column elementor-col-100 elementor-top-column elementor-element elementor-element-5cc9622\" data-id=\"5cc9622\" data-element_type=\"column\">\n\t\t\t<div class=\"elementor-widget-wrap elementor-element-populated\">\n\t\t\t\t\t\t<div class=\"elementor-element elementor-element-d98cfbc elementor-widget elementor-widget-heading\" data-id=\"d98cfbc\" data-element_type=\"widget\" data-widget_type=\"heading.default\">\n\t\t\t\t\t<h2 class=\"elementor-heading-title elementor-size-default\">La cuota de Afiliaci\u00f3n es deducible en la declaraci\u00f3n de la Renta<\/h2>\t\t\t\t<\/div>\n\t\t\t\t\t<\/div>\n\t\t<\/div>\n\t\t\t\t\t<\/div>\n\t\t<\/section>\n\t\t\t\t<section class=\"elementor-section elementor-top-section elementor-element elementor-element-0d55d73 elementor-section-boxed elementor-section-height-default elementor-section-height-default\" data-id=\"0d55d73\" data-element_type=\"section\">\n\t\t\t\t\t\t<div class=\"elementor-container elementor-column-gap-default\">\n\t\t\t\t\t<div class=\"elementor-column elementor-col-100 elementor-top-column elementor-element elementor-element-2ee8d4a\" data-id=\"2ee8d4a\" data-element_type=\"column\">\n\t\t\t<div class=\"elementor-widget-wrap elementor-element-populated\">\n\t\t\t\t\t\t<div class=\"elementor-element elementor-element-3ecb2ad elementor-widget elementor-widget-text-editor\" data-id=\"3ecb2ad\" data-element_type=\"widget\" data-widget_type=\"text-editor.default\">\n\t\t\t\t\t\t\t\t\t<p class=\"titular\">La cuota de afiliaci\u00f3n a CCOO es deducible en la declaraci\u00f3n de la Renta<\/p><div class=\"subtitulos\">\u00a0<\/div><p id=\"pEntradilla\" class=\"entradilla\">Las\/os afiliadas y afiliados a CCOO pueden deducir el importe de la cuota de afiliaci\u00f3n en la Declaraci\u00f3n de la Renta, seg\u00fan recoge la ley del IRPF. Esta deducci\u00f3n puede suponer un ahorro en la cuota de entre el 20 y el 35%, seg\u00fan los casos.<\/p><p>\u00a0<\/p><div class=\"fecha\">15\/02\/2022.<\/div><div class=\"principal\"><div id=\"divCuerpo\" class=\"cuerpo\"><div class=\"imagen_v001\"><p><a id=\"a_616420\" title=\"Ampliar imagen\" href=\"https:\/\/feccoo-madrid.org\/2eb15c5ef61d8ca727495ce6fabd48f6000063.png\" target=\"_blank\" rel=\"noopener\"><img fetchpriority=\"high\" decoding=\"async\" id=\"imagen_616420\" class=\"\" src=\"https:\/\/feccoo-madrid.org\/2eb15c5ef61d8ca727495ce6fabd48f6000063.png\" alt=\"S\u00e1cale partido a tu afiliaci\u00f3n\" width=\"601\" height=\"338\" \/><\/a><\/p><div class=\"pie\"><p id=\"pie_616420\">S\u00e1cale partido a tu afiliaci\u00f3n<\/p><\/div><\/div><div class=\"eC_pag_v003\"><div class=\"eC_pag_v003_wrapper_000\"><ul><li id=\"prevImaNot_616420\">\u00a0<\/li><li id=\"nextImaNot_616420\">\u00a0<\/li><\/ul><\/div><\/div><p>\u00a0<\/p><p>La cuota de afiliaci\u00f3n a CCOO es un gasto que puedes deducir cuando realices tu declaraci\u00f3n anual de la renta. Este importe no aparece en el borrador de Hacienda en cumplimiento de la Ley de protecci\u00f3n de datos, por lo que deber\u00e1s poner la cantidad que has pagado por la cuota sindical en el espacio reservado a Cuotas satisfechas a sindicatos <span class=\"tiny_negrita\">(CASILLA 14)<\/span>.<\/p><p>No es necesario aportar documentaci\u00f3n acreditativa, salvo que Hacienda lo solicitase con posterioridad; si se diese dicha circunstancia, el justificante de pago son los mismos recibos bancarios o de n\u00f3mina que ya tienes. Para m\u00e1s informaci\u00f3n puedes dirigirte al sindicato.<\/p><p>Las afiliadas y afiliados a CCOO pueden deducir el importe de la cuota de afiliaci\u00f3n en la Declaraci\u00f3n de la Renta, seg\u00fan recoge la ley del IRPF. Esta deducci\u00f3n puede suponer un ahorro en la cuota de entre el 20 y el 35%, seg\u00fan los casos.<\/p><p><span class=\"tiny_negrita\">La cuota de afiliaci\u00f3n a CCOO es un gasto que puedes deducir cuando realices tu declaraci\u00f3n anual de la renta<\/span>. Este importe no aparece en el borrador de Hacienda en cumplimiento de la Ley de protecci\u00f3n de datos, por lo que deber\u00e1s poner la cantidad que has pagado por la cuota sindical en el espacio reservado a Cuotas satisfechas a sindicatos.<\/p><p>No es necesario aportar documentaci\u00f3n acreditativa, salvo que Hacienda lo solicitase con posterioridad; si se diese dicha circunstancia, el justificante de pago son los mismos recibos bancarios o de n\u00f3mina que ya tienes. Para m\u00e1s informaci\u00f3n puedes dirigirte al sindicato.<\/p><p>Si quieres disponer del certificado del importe de las cuotas satisfechas a CCOO y no lo has recibido puedes obtenerlo por estas dos v\u00edas indicando tu NIF (sin letra).<\/p><p>1.- Solicitar que te lo env\u00eden por correo electr\u00f3nico en el mail: <a href=\"mailto:info@uar.ccoo.es\" target=\"_blank\" rel=\"noopener\">info@uar.ccoo.es<\/a><\/p><p>2.- Entrar en tu \u00e1rea personal de afiliado y descarg\u00e1rtelo accediendo a: <a href=\"https:\/\/ssl.ccoo.es\/Afiliacion\" target=\"_blank\" rel=\"noopener\">https:\/\/ssl.ccoo.es\/Afiliacion<\/a><\/p><p>Si no recuerdas o no tienes clave de acceso. En la misma p\u00e1gina la puedes solicitar indicando tu fecha de nacimiento, nif (sin letra) y mail para que te env\u00eden contrase\u00f1a. Este proceso es inmediato.<\/p><p>Para consultar otras ventajas de estar afiliado: <a href=\"https:\/\/www.ccoo.es\/Afiliate\" target=\"_blank\" rel=\"noopener\">https:\/\/www.ccoo.es\/Afiliate<\/a><\/p><\/div><\/div>\t\t\t\t\t\t\t\t<\/div>\n\t\t\t\t\t<\/div>\n\t\t<\/div>\n\t\t\t\t\t<\/div>\n\t\t<\/section>\n\t\t\t\t<section class=\"elementor-section elementor-top-section elementor-element elementor-element-d6015c4 elementor-section-boxed elementor-section-height-default elementor-section-height-default\" data-id=\"d6015c4\" data-element_type=\"section\">\n\t\t\t\t\t\t<div class=\"elementor-container elementor-column-gap-default\">\n\t\t\t\t\t<div class=\"elementor-column elementor-col-100 elementor-top-column elementor-element elementor-element-66bb125\" data-id=\"66bb125\" data-element_type=\"column\">\n\t\t\t<div class=\"elementor-widget-wrap elementor-element-populated\">\n\t\t\t\t\t\t<div class=\"elementor-element elementor-element-72bad38 elementor-widget elementor-widget-heading\" data-id=\"72bad38\" data-element_type=\"widget\" data-widget_type=\"heading.default\">\n\t\t\t\t\t<h2 class=\"elementor-heading-title elementor-size-default\">Nou acord per a estabilitzar l'ocupaci\u00f3 en el sector p\u00fablic.<\/h2>\t\t\t\t<\/div>\n\t\t\t\t\t<\/div>\n\t\t<\/div>\n\t\t\t\t\t<\/div>\n\t\t<\/section>\n\t\t\t\t<section class=\"elementor-section elementor-top-section elementor-element elementor-element-ee45fdf elementor-section-boxed elementor-section-height-default elementor-section-height-default\" data-id=\"ee45fdf\" data-element_type=\"section\">\n\t\t\t\t\t\t<div class=\"elementor-container elementor-column-gap-default\">\n\t\t\t\t\t<div class=\"elementor-column elementor-col-100 elementor-top-column elementor-element elementor-element-3b00214\" data-id=\"3b00214\" data-element_type=\"column\">\n\t\t\t<div class=\"elementor-widget-wrap elementor-element-populated\">\n\t\t\t\t\t\t<div class=\"elementor-element elementor-element-83cac0a elementor-widget elementor-widget-text-editor\" data-id=\"83cac0a\" data-element_type=\"widget\" data-widget_type=\"text-editor.default\">\n\t\t\t\t\t\t\t\t\t<p><strong>CCOO<\/strong>, juntament amb UGT i CSIF, signa un nou acord per a estabilitzar l&#8217;ocupaci\u00f3 en el sector p\u00fablic, compensar l&#8217;ab\u00fas i evitar el frau en la contractaci\u00f3.<\/p><p>Els termes finals de l&#8217;Acord s\u00f3n fruit de les propostes de\u00a0<strong>CCOO\u00a0<\/strong>i de la fermesa amb la qual el sindicat les ha defensades. Asseguren un proc\u00e9s d&#8217;estabilitzaci\u00f3 on estiguen totes les places, indemnitzacions per a totes les persones que no obtingueren el seu lloc fix, el rescat a trav\u00e9s de les bosses per a les persones que no superen els processos i millores en els processos de concurs oposici\u00f3 o concurs on aix\u00ed estiga establit.<\/p><p>Despr\u00e9s de complexes i intenses negociacions, l&#8217;\u00c0rea P\u00fablica de\u00a0<strong>CCOO<\/strong>\u00a0ha aconseguit que els punts clau que no s&#8217;inclo\u00efen en la proposta inicial del Ministeri de Pol\u00edtica Territorial i Funci\u00f3 P\u00fablica es contemplen de forma bastant satisfact\u00f2ria en el document final.<\/p><p>El sindicat s&#8217;ha mantingut ferm en tot moment i des del comen\u00e7ament va manifestar que aquest Acord havia de contenir tres elements essencials: un nou acord d&#8217;estabilitzaci\u00f3 en l\u00ednies amb els anteriors subscrits en 2017 i 2018, per\u00f2 amb millores; la transposici\u00f3 de la Directiva Comunit\u00e0ria 1999\/70 en les seues cl\u00e0usules 4 i 5, de no discriminaci\u00f3 entre personal fix i temporal, i mesures per a evitar l&#8217;ab\u00fas o frau en la contractaci\u00f3; i un tercer apartat amb compromisos de continuar negociant la resta de mat\u00e8ries pendents al setembre.<\/p><p>S&#8217;han aconseguit superar les traves existents i, gr\u00e0cies al treball de\u00a0<strong>CCOO<\/strong>, s&#8217;ha pogut arribar a un Acord que inclou reivindicacions fonamentals amb les suficients garanties.<\/p>\t\t\t\t\t\t\t\t<\/div>\n\t\t\t\t\t<\/div>\n\t\t<\/div>\n\t\t\t\t\t<\/div>\n\t\t<\/section>\n\t\t\t\t<section class=\"elementor-section elementor-top-section elementor-element elementor-element-c342a94 elementor-section-boxed elementor-section-height-default elementor-section-height-default\" data-id=\"c342a94\" data-element_type=\"section\">\n\t\t\t\t\t\t<div class=\"elementor-container elementor-column-gap-default\">\n\t\t\t\t\t<div class=\"elementor-column elementor-col-100 elementor-top-column elementor-element elementor-element-9a697f7\" data-id=\"9a697f7\" data-element_type=\"column\">\n\t\t\t<div class=\"elementor-widget-wrap\">\n\t\t\t\t\t\t\t<\/div>\n\t\t<\/div>\n\t\t\t\t\t<\/div>\n\t\t<\/section>\n\t\t\t\t<section class=\"elementor-section elementor-top-section elementor-element elementor-element-fc6680a elementor-section-boxed elementor-section-height-default elementor-section-height-default\" data-id=\"fc6680a\" data-element_type=\"section\">\n\t\t\t\t\t\t<div class=\"elementor-container elementor-column-gap-default\">\n\t\t\t\t\t<div class=\"elementor-column elementor-col-100 elementor-top-column elementor-element elementor-element-be2ac25\" data-id=\"be2ac25\" data-element_type=\"column\">\n\t\t\t<div class=\"elementor-widget-wrap elementor-element-populated\">\n\t\t\t\t\t\t<div class=\"elementor-element elementor-element-9191a88 elementor-widget elementor-widget-heading\" data-id=\"9191a88\" data-element_type=\"widget\" data-widget_type=\"heading.default\">\n\t\t\t\t\t<h2 class=\"elementor-heading-title elementor-size-default\">INFOCCOO Evacuaci\u00f3 dels edificis UPV en situacions d'emerg\u00e8ncia<\/h2>\t\t\t\t<\/div>\n\t\t\t\t\t<\/div>\n\t\t<\/div>\n\t\t\t\t\t<\/div>\n\t\t<\/section>\n\t\t\t\t<section class=\"elementor-section elementor-top-section elementor-element elementor-element-ca05786 elementor-section-boxed elementor-section-height-default elementor-section-height-default\" data-id=\"ca05786\" data-element_type=\"section\">\n\t\t\t\t\t\t<div class=\"elementor-container elementor-column-gap-default\">\n\t\t\t\t\t<div class=\"elementor-column elementor-col-100 elementor-top-column elementor-element elementor-element-ab623be\" data-id=\"ab623be\" data-element_type=\"column\">\n\t\t\t<div class=\"elementor-widget-wrap elementor-element-populated\">\n\t\t\t\t\t\t<div class=\"elementor-element elementor-element-2c78a6a elementor-widget elementor-widget-text-editor\" data-id=\"2c78a6a\" data-element_type=\"widget\" data-widget_type=\"text-editor.default\">\n\t\t\t\t\t\t\t\t\t<p>\u00a0<\/p><p>Des de <span style=\"color: #ff0000;\"><strong>CCOO<\/strong><\/span> us recordem quines s\u00f3n les pautes i normes generals per a dur a terme l&#8217;evacuaci\u00f3 d&#8217;edificis dels diferents Campus de la UPV.<\/p><p><span style=\"color: #ff0000;\"><strong>Recomanacions pr\u00e8vies:<\/strong><\/span><\/p><ol><li>Familiaritzar-vos amb l&#8217;edifici en qu\u00e8 exerciu les vostres tasques, i localitzar les vies d&#8217;evacuaci\u00f3 i eixides de l&#8217;edifici.<\/li><li>Si observ\u00e0reu alguna via d&#8217;evacuaci\u00f3 o eixida d&#8217;emerg\u00e8ncia obstaculitzada o indegudament tancada, posar-ho immediatament en coneixement de la direcci\u00f3 del centre.<\/li><li>Incorporeu les extensions i n\u00fameros de tel\u00e8fon d&#8217;emerg\u00e8ncies en el vostre tel\u00e8fon m\u00f2bil, que depenent del Campus en el qual us trobeu seran:<\/li><\/ol><ul><li>Vera: <strong>78888<\/strong>&#8211; 18888- 900 924 888<\/li><li>Gandia: <strong>48888<\/strong>&#8211; 900 924 888<\/li><li>Alcoi: <strong>12888<\/strong>&#8211; 900 924 888<\/li><\/ul><ol start=\"4\"><li>Si s&#8217;inicia un incendi o detectes una emerg\u00e8ncia, COMUNICA la situaci\u00f3 com m\u00e9s de pressa millor als n\u00fameros indicats, acciona els polsadors d&#8217;alarma i actua si est\u00e0s capacitat per a aix\u00f2.<\/li><li>Si sona una alarma, MAI dones per descomptat que \u00e9s un simulacre o una falsa alarma. Evacua el teu lloc i deixa el que estigues fent.<\/li><\/ol><p><span style=\"color: #ff0000;\"><strong>Pautes generals, durant l&#8217;evacuaci\u00f3 de l&#8217;edifici:<\/strong><\/span><\/p><ul><li>En abandonar el teu lloc, comprova que no queda ning\u00fa arrere i tanca les portes.<\/li><li>No crides, no c\u00f3rregues, intenta mantindre&#8217;t en calma. Transmet tranquil\u00b7litat i tranquil\u00b7litza a les persones durant l&#8217;evacuaci\u00f3.<\/li><li>No permetes que ning\u00fa torne a la zona afectada per l&#8217;emerg\u00e8ncia.<\/li><li>MAI utilitzes els ascensors. Tracta d&#8217;IMPEDIR el seu \u00fas per part de tercers.<\/li><li>Si calguera obrir una porta, primer toca-la i si notes que est\u00e0 molt calenta NO L&#8217;\u00d2BRIGUES.<\/li><li>Col\u00b7labora activament en l&#8217;evacuaci\u00f3 de persones amb problemes de mobilitat o amb capacitats sensorials (exemple: vista, o\u00efda) notablement disminu\u00efdes.<\/li><\/ul><p>Per a m\u00e9s informaci\u00f3 consulta en la web del Servei Integrat de Prevenci\u00f3 i Salut Laboral de la UPV: <a href=\"https:\/\/www.sprl.upv.es\/pem2_b.htm\"><strong>punxa ac\u00ed<\/strong><\/a>.<\/p><p>\u00a0<\/p><p>\u00a0<\/p><p><img decoding=\"async\" class=\"alignnone  wp-image-5111\" src=\"https:\/\/ccoo.upv.es\/wp-content\/uploads\/2025\/03\/Plans-de-emergencia-300x236.png\" alt=\"\" width=\"272\" height=\"214\" \/><\/p><p>\u00a0<\/p><p>\u00a0<\/p><p>Desde <span style=\"color: #ff0000;\"><strong>CCOO<\/strong><\/span> os recordamos cuales son las pautas y normas generales para llevar a cabo la evacuaci\u00f3n de edificios de los diferentes Campus de la UPV.<\/p><p><strong><span style=\"color: #ff0000;\">Recomendaciones previas<\/span>: <\/strong><\/p><ol><li>Familiarizaros con el edificio en que desempe\u00f1\u00e1is vuestras tareas, y localizar las v\u00edas de evacuaci\u00f3n y salidas del edificio.<\/li><li>Si observaseis alguna v\u00eda de evacuaci\u00f3n o salida de emergencia obstaculizada o indebidamente cerrada, ponerlo inmediatamente en conocimiento de la direcci\u00f3n del centro.<\/li><li>Incorporad las extensiones y n\u00fameros de tel\u00e9fono de emergencias en vuestro tel\u00e9fono m\u00f3vil, que dependiendo del Campus en el que os encontr\u00e9is ser\u00e1n:<\/li><\/ol><ul><li>Vera: <strong>78888<\/strong>&#8211; 18888- 900 924 888<\/li><li>Gand\u00eda: <strong>48888<\/strong>&#8211; 900 924 888<\/li><li>Alcoy: <strong>12888<\/strong>&#8211; 900 924 888<\/li><\/ul><ol start=\"4\"><li>Si se inicia un incendio o detectas una emergencia, COMUNICA la situaci\u00f3n lo m\u00e1s r\u00e1pidamente posible a los n\u00fameros indicados, acciona los pulsadores de alarma y act\u00faa si est\u00e1s capacitado para ello.<\/li><li>Si suena una alarma, NUNCA des por sentado que es un simulacro o una falsa alarma. Evacua tu puesto y deja lo que est\u00e9s haciendo.<\/li><\/ol><p><span style=\"color: #ff0000;\"><strong>Pautas generales, durante la evacuaci\u00f3n del edificio:<\/strong><\/span><\/p><ul><li>Al abandonar tu puesto, comprueba que no queda nadie atr\u00e1s y cierra las puertas.<\/li><li>No grites, no corras, intenta mantenerte en calma. Transmite tranquilidad y tranquiliza a las personas durante la evacuaci\u00f3n.<\/li><li>No permitas que nadie vuelva a la zona afectada por la emergencia.<\/li><li>JAM\u00c1S utilices los ascensores. Trata de IMPEDIR su uso por parte de terceros.<\/li><li>Si fuese preciso abrir una puerta, primero t\u00f3cala y si notas que est\u00e1 muy caliente NO LA ABRAS.<\/li><li>Colabora activamente en la evacuaci\u00f3n de personas con problemas de movilidad o con capacidades sensoriales (ejemplo: vista, o\u00eddo) notablemente disminuidas.<\/li><\/ul><p>Para m\u00e1s informaci\u00f3n consulta en la web del Servicio Integrado de Prevenci\u00f3n y Salud Laboral de la UPV: <a href=\"https:\/\/www.sprl.upv.es\/pem2_b.htm\"><strong>pincha aqu\u00ed<\/strong><\/a><strong>.<\/strong><\/p><p>\u00a0<\/p>\t\t\t\t\t\t\t\t<\/div>\n\t\t\t\t\t<\/div>\n\t\t<\/div>\n\t\t\t\t\t<\/div>\n\t\t<\/section>\n\t\t\t\t<\/div>\n\t\t","protected":false},"excerpt":{"rendered":"<p>La cuota de Afiliaci\u00f3n es deducible en la declaraci\u00f3n de la Renta La cuota de afiliaci\u00f3n a CCOO es deducible [&hellip;]<\/p>\n","protected":false},"author":2,"featured_media":0,"parent":0,"menu_order":0,"comment_status":"closed","ping_status":"closed","template":"","meta":{"site-sidebar-layout":"no-sidebar","site-content-layout":"page-builder","ast-site-content-layout":"default","site-content-style":"default","site-sidebar-style":"default","ast-global-header-display":"","ast-banner-title-visibility":"","ast-main-header-display":"","ast-hfb-above-header-display":"","ast-hfb-below-header-display":"","ast-hfb-mobile-header-display":"","site-post-title":"disabled","ast-breadcrumbs-content":"","ast-featured-img":"disabled","footer-sml-layout":"","theme-transparent-header-meta":"","adv-header-id-meta":"","stick-header-meta":"","header-above-stick-meta":"","header-main-stick-meta":"","header-below-stick-meta":"","astra-migrate-meta-layouts":"default","ast-page-background-enabled":"default","ast-page-background-meta":{"desktop":{"background-color":"var(--ast-global-color-5)","background-image":"","background-repeat":"repeat","background-position":"center center","background-size":"auto","background-attachment":"scroll","background-type":"","background-media":"","overlay-type":"","overlay-color":"","overlay-opacity":"","overlay-gradient":""},"tablet":{"background-color":"","background-image":"","background-repeat":"repeat","background-position":"center center","background-size":"auto","background-attachment":"scroll","background-type":"","background-media":"","overlay-type":"","overlay-color":"","overlay-opacity":"","overlay-gradient":""},"mobile":{"background-color":"","background-image":"","background-repeat":"repeat","background-position":"center center","background-size":"auto","background-attachment":"scroll","background-type":"","background-media":"","overlay-type":"","overlay-color":"","overlay-opacity":"","overlay-gradient":""}},"ast-content-background-meta":{"desktop":{"background-color":"var(--ast-global-color-4)","background-image":"","background-repeat":"repeat","background-position":"center center","background-size":"auto","background-attachment":"scroll","background-type":"","background-media":"","overlay-type":"","overlay-color":"","overlay-opacity":"","overlay-gradient":""},"tablet":{"background-color":"var(--ast-global-color-4)","background-image":"","background-repeat":"repeat","background-position":"center center","background-size":"auto","background-attachment":"scroll","background-type":"","background-media":"","overlay-type":"","overlay-color":"","overlay-opacity":"","overlay-gradient":""},"mobile":{"background-color":"var(--ast-global-color-4)","background-image":"","background-repeat":"repeat","background-position":"center center","background-size":"auto","background-attachment":"scroll","background-type":"","background-media":"","overlay-type":"","overlay-color":"","overlay-opacity":"","overlay-gradient":""}},"footnotes":""},"class_list":["post-145","page","type-page","status-publish","hentry"],"rttpg_featured_image_url":null,"rttpg_author":{"display_name":"jose marin","author_link":"https:\/\/ccoo2-upv.webs.upv.es\/?author=2"},"rttpg_comment":0,"rttpg_category":null,"rttpg_excerpt":"La cuota de Afiliaci\u00f3n es deducible en la declaraci\u00f3n de la Renta La cuota de afiliaci\u00f3n a CCOO es deducible [&hellip;]","_links":{"self":[{"href":"https:\/\/ccoo2-upv.webs.upv.es\/index.php?rest_route=\/wp\/v2\/pages\/145","targetHints":{"allow":["GET"]}}],"collection":[{"href":"https:\/\/ccoo2-upv.webs.upv.es\/index.php?rest_route=\/wp\/v2\/pages"}],"about":[{"href":"https:\/\/ccoo2-upv.webs.upv.es\/index.php?rest_route=\/wp\/v2\/types\/page"}],"author":[{"embeddable":true,"href":"https:\/\/ccoo2-upv.webs.upv.es\/index.php?rest_route=\/wp\/v2\/users\/2"}],"replies":[{"embeddable":true,"href":"https:\/\/ccoo2-upv.webs.upv.es\/index.php?rest_route=%2Fwp%2Fv2%2Fcomments&post=145"}],"version-history":[{"count":0,"href":"https:\/\/ccoo2-upv.webs.upv.es\/index.php?rest_route=\/wp\/v2\/pages\/145\/revisions"}],"wp:attachment":[{"href":"https:\/\/ccoo2-upv.webs.upv.es\/index.php?rest_route=%2Fwp%2Fv2%2Fmedia&parent=145"}],"curies":[{"name":"wp","href":"https:\/\/api.w.org\/{rel}","templated":true}]}}