{"id":157,"date":"2025-07-04T12:36:00","date_gmt":"2025-07-04T12:36:00","guid":{"rendered":"https:\/\/ccoo2-upv.webs.upv.es\/?page_id=157"},"modified":"2025-09-03T12:58:25","modified_gmt":"2025-09-03T10:58:25","slug":"salud-laboral","status":"publish","type":"page","link":"https:\/\/ccoo2-upv.webs.upv.es\/?page_id=157","title":{"rendered":"SALUD LABORAL"},"content":{"rendered":"\t\t<div data-elementor-type=\"wp-page\" data-elementor-id=\"157\" class=\"elementor elementor-157\">\n\t\t\t\t<div class=\"elementor-element elementor-element-7410190 e-grid e-con-boxed e-con e-parent\" data-id=\"7410190\" data-element_type=\"container\">\n\t\t\t\t\t<div class=\"e-con-inner\">\n\t\t\t\t<div class=\"elementor-element elementor-element-c2bc66d elementor-widget elementor-widget-image\" data-id=\"c2bc66d\" data-element_type=\"widget\" data-widget_type=\"image.default\">\n\t\t\t\t\t\t\t\t\t\t\t\t\t\t\t<img fetchpriority=\"high\" decoding=\"async\" width=\"1024\" height=\"724\" src=\"https:\/\/ccoo2-upv.webs.upv.es\/wp-content\/uploads\/2025\/07\/salud_laboral-1024x724.jpg\" class=\"attachment-large size-large wp-image-131\" alt=\"\" srcset=\"https:\/\/ccoo2-upv.webs.upv.es\/wp-content\/uploads\/2025\/07\/salud_laboral-1024x724.jpg 1024w, https:\/\/ccoo2-upv.webs.upv.es\/wp-content\/uploads\/2025\/07\/salud_laboral-300x212.jpg 300w, https:\/\/ccoo2-upv.webs.upv.es\/wp-content\/uploads\/2025\/07\/salud_laboral-768x543.jpg 768w, https:\/\/ccoo2-upv.webs.upv.es\/wp-content\/uploads\/2025\/07\/salud_laboral-1536x1086.jpg 1536w, https:\/\/ccoo2-upv.webs.upv.es\/wp-content\/uploads\/2025\/07\/salud_laboral-2048x1448.jpg 2048w\" sizes=\"(max-width: 1024px) 100vw, 1024px\" \/>\t\t\t\t\t\t\t\t\t\t\t\t\t\t\t<\/div>\n\t\t\t\t\t<\/div>\n\t\t\t\t<\/div>\n\t\t<div class=\"elementor-element elementor-element-cc90c96 e-flex e-con-boxed e-con e-parent\" data-id=\"cc90c96\" data-element_type=\"container\">\n\t\t\t\t\t<div class=\"e-con-inner\">\n\t\t\t\t<div class=\"elementor-element elementor-element-f82a5eb elementor-widget elementor-widget-spacer\" data-id=\"f82a5eb\" data-element_type=\"widget\" data-widget_type=\"spacer.default\">\n\t\t\t\t\t\t\t<div class=\"elementor-spacer\">\n\t\t\t<div class=\"elementor-spacer-inner\"><\/div>\n\t\t<\/div>\n\t\t\t\t\t\t<\/div>\n\t\t\t\t\t<\/div>\n\t\t\t\t<\/div>\n\t\t<div class=\"elementor-element elementor-element-0510eb3 e-flex e-con-boxed e-con e-parent\" data-id=\"0510eb3\" data-element_type=\"container\">\n\t\t\t\t\t<div class=\"e-con-inner\">\n\t\t<div class=\"elementor-element elementor-element-41d8c08 e-con-full e-flex e-con e-child\" data-id=\"41d8c08\" data-element_type=\"container\">\n\t\t\t\t<div class=\"elementor-element elementor-element-c5bce2e elementor-align-center elementor-widget elementor-widget-button\" data-id=\"c5bce2e\" data-element_type=\"widget\" data-widget_type=\"button.default\">\n\t\t\t\t\t\t\t\t\t\t<a class=\"elementor-button elementor-button-link elementor-size-sm\" href=\"https:\/\/library.elementor.com\/freelance-handywoman-hp\/work\/\">\n\t\t\t\t\t\t<span class=\"elementor-button-content-wrapper\">\n\t\t\t\t\t\t\t\t\t<span class=\"elementor-button-text\">Normativa<\/span>\n\t\t\t\t\t<\/span>\n\t\t\t\t\t<\/a>\n\t\t\t\t\t\t\t\t<\/div>\n\t\t\t\t<\/div>\n\t\t<div class=\"elementor-element elementor-element-6c6cd25 e-con-full e-flex e-con e-child\" data-id=\"6c6cd25\" data-element_type=\"container\">\n\t\t\t\t<div class=\"elementor-element elementor-element-b8c856d elementor-align-center elementor-widget elementor-widget-button\" data-id=\"b8c856d\" data-element_type=\"widget\" data-widget_type=\"button.default\">\n\t\t\t\t\t\t\t\t\t\t<a class=\"elementor-button elementor-button-link elementor-size-sm\" href=\"https:\/\/library.elementor.com\/freelance-handywoman-hp\/work\/\">\n\t\t\t\t\t\t<span class=\"elementor-button-content-wrapper\">\n\t\t\t\t\t\t\t\t\t<span class=\"elementor-button-text\">Gu\u00edas y Recomendaciones<\/span>\n\t\t\t\t\t<\/span>\n\t\t\t\t\t<\/a>\n\t\t\t\t\t\t\t\t<\/div>\n\t\t\t\t<\/div>\n\t\t<div class=\"elementor-element elementor-element-259cb01 e-con-full e-flex e-con e-child\" data-id=\"259cb01\" data-element_type=\"container\">\n\t\t\t\t<div class=\"elementor-element elementor-element-cc64448 elementor-align-center elementor-widget elementor-widget-button\" data-id=\"cc64448\" data-element_type=\"widget\" data-widget_type=\"button.default\">\n\t\t\t\t\t\t\t\t\t\t<a class=\"elementor-button elementor-button-link elementor-size-sm\" href=\"https:\/\/library.elementor.com\/freelance-handywoman-hp\/work\/\">\n\t\t\t\t\t\t<span class=\"elementor-button-content-wrapper\">\n\t\t\t\t\t\t\t\t\t<span class=\"elementor-button-text\">Infograf\u00eda<\/span>\n\t\t\t\t\t<\/span>\n\t\t\t\t\t<\/a>\n\t\t\t\t\t\t\t\t<\/div>\n\t\t\t\t<\/div>\n\t\t<div class=\"elementor-element elementor-element-d769d33 e-con-full e-flex e-con e-child\" data-id=\"d769d33\" data-element_type=\"container\">\n\t\t\t\t<div class=\"elementor-element elementor-element-20c663c elementor-align-center elementor-widget elementor-widget-button\" data-id=\"20c663c\" data-element_type=\"widget\" data-widget_type=\"button.default\">\n\t\t\t\t\t\t\t\t\t\t<a class=\"elementor-button elementor-button-link elementor-size-sm\" href=\"https:\/\/www.upv.es\/contenidos\/CSS\/\">\n\t\t\t\t\t\t<span class=\"elementor-button-content-wrapper\">\n\t\t\t\t\t\t\t\t\t<span class=\"elementor-button-text\">Comit\u00e9 de Seguridad y Salud UPV<\/span>\n\t\t\t\t\t<\/span>\n\t\t\t\t\t<\/a>\n\t\t\t\t\t\t\t\t<\/div>\n\t\t\t\t<\/div>\n\t\t\t\t\t<\/div>\n\t\t\t\t<\/div>\n\t\t<div class=\"elementor-element elementor-element-d214d9f e-grid e-con-boxed e-con e-parent\" data-id=\"d214d9f\" data-element_type=\"container\">\n\t\t\t\t\t<div class=\"e-con-inner\">\n\t\t\t\t<div class=\"elementor-element elementor-element-c327dc1 elementor-widget elementor-widget-heading\" data-id=\"c327dc1\" data-element_type=\"widget\" data-widget_type=\"heading.default\">\n\t\t\t\t\t<h2 class=\"elementor-heading-title elementor-size-default\">Normativa<\/h2>\t\t\t\t<\/div>\n\t\t\t\t<div class=\"elementor-element elementor-element-c8b344e elementor-widget elementor-widget-heading\" data-id=\"c8b344e\" data-element_type=\"widget\" data-widget_type=\"heading.default\">\n\t\t\t\t\t<h4 class=\"elementor-heading-title elementor-size-default\"><a href=\"https:\/\/WWW.SPRL.UPV.ES\/POLITICA-EN-PREVENCION-DE-RIESGOS-LABORALES-DE-LA-UPV\">LA POL\u00cdTICA PREVENCI\u00d3N RIESGOS LABORALES DE LA UPV<\/a><\/h4>\t\t\t\t<\/div>\n\t\t\t\t<div class=\"elementor-element elementor-element-33874fe elementor-widget elementor-widget-heading\" data-id=\"33874fe\" data-element_type=\"widget\" data-widget_type=\"heading.default\">\n\t\t\t\t\t<h4 class=\"elementor-heading-title elementor-size-default\"><a href=\"https:\/\/WWW.SPRL.UPV.ES\/DERECHOS-Y-OBLIGACIONES-DEL-PERSONAL-DE-LA-UPV-EN-MATERIA-DE-SEGURIDAD-Y-SALUD-EN-EL-TRABAJO\">MANUAL DE DERECHOS<\/a><\/h4>\t\t\t\t<\/div>\n\t\t\t\t<div class=\"elementor-element elementor-element-a1925f6 elementor-widget elementor-widget-heading\" data-id=\"a1925f6\" data-element_type=\"widget\" data-widget_type=\"heading.default\">\n\t\t\t\t\t<h4 class=\"elementor-heading-title elementor-size-default\"><a href=\"https:\/\/WWW.SPRL.UPV.ES\/PDF\/PLAN%20DE%20PREVENCI\u00d3N%20DE%20RIESGOS%20LABORALES%20UPV.PDF\">PLAN DE PREVENCI\u00d3N DE LA UPV <\/a><\/h4>\t\t\t\t<\/div>\n\t\t\t\t<div class=\"elementor-element elementor-element-f378998 elementor-widget elementor-widget-heading\" data-id=\"f378998\" data-element_type=\"widget\" data-widget_type=\"heading.default\">\n\t\t\t\t\t<h4 class=\"elementor-heading-title elementor-size-default\">REGLAMENTO DEL COMIT\u00c9 DE SEGURIDAD Y SALUD DE LA UNIVERSITAT POLIT\u00c8CNICA DE VAL\u00c8NCIA<\/h4>\t\t\t\t<\/div>\n\t\t\t\t\t<\/div>\n\t\t\t\t<\/div>\n\t\t\t\t<\/div>\n\t\t","protected":false},"excerpt":{"rendered":"<p>Normativa Gu\u00edas y Recomendaciones Infograf\u00eda Comit\u00e9 de Seguridad y Salud UPV Normativa LA POL\u00cdTICA PREVENCI\u00d3N RIESGOS LABORALES DE LA UPV [&hellip;]<\/p>\n","protected":false},"author":3,"featured_media":0,"parent":0,"menu_order":0,"comment_status":"closed","ping_status":"closed","template":"","meta":{"site-sidebar-layout":"default","site-content-layout":"","ast-site-content-layout":"default","site-content-style":"default","site-sidebar-style":"default","ast-global-header-display":"","ast-banner-title-visibility":"","ast-main-header-display":"","ast-hfb-above-header-display":"","ast-hfb-below-header-display":"","ast-hfb-mobile-header-display":"","site-post-title":"","ast-breadcrumbs-content":"","ast-featured-img":"","footer-sml-layout":"","theme-transparent-header-meta":"","adv-header-id-meta":"","stick-header-meta":"","header-above-stick-meta":"","header-main-stick-meta":"","header-below-stick-meta":"","astra-migrate-meta-layouts":"default","ast-page-background-enabled":"default","ast-page-background-meta":{"desktop":{"background-color":"var(--ast-global-color-5)","background-image":"","background-repeat":"repeat","background-position":"center center","background-size":"auto","background-attachment":"scroll","background-type":"","background-media":"","overlay-type":"","overlay-color":"","overlay-opacity":"","overlay-gradient":""},"tablet":{"background-color":"","background-image":"","background-repeat":"repeat","background-position":"center center","background-size":"auto","background-attachment":"scroll","background-type":"","background-media":"","overlay-type":"","overlay-color":"","overlay-opacity":"","overlay-gradient":""},"mobile":{"background-color":"","background-image":"","background-repeat":"repeat","background-position":"center center","background-size":"auto","background-attachment":"scroll","background-type":"","background-media":"","overlay-type":"","overlay-color":"","overlay-opacity":"","overlay-gradient":""}},"ast-content-background-meta":{"desktop":{"background-color":"var(--ast-global-color-4)","background-image":"","background-repeat":"repeat","background-position":"center center","background-size":"auto","background-attachment":"scroll","background-type":"","background-media":"","overlay-type":"","overlay-color":"","overlay-opacity":"","overlay-gradient":""},"tablet":{"background-color":"var(--ast-global-color-4)","background-image":"","background-repeat":"repeat","background-position":"center center","background-size":"auto","background-attachment":"scroll","background-type":"","background-media":"","overlay-type":"","overlay-color":"","overlay-opacity":"","overlay-gradient":""},"mobile":{"background-color":"var(--ast-global-color-4)","background-image":"","background-repeat":"repeat","background-position":"center center","background-size":"auto","background-attachment":"scroll","background-type":"","background-media":"","overlay-type":"","overlay-color":"","overlay-opacity":"","overlay-gradient":""}},"footnotes":""},"class_list":["post-157","page","type-page","status-publish","hentry"],"rttpg_featured_image_url":null,"rttpg_author":{"display_name":"ana galiano","author_link":"https:\/\/ccoo2-upv.webs.upv.es\/?author=3"},"rttpg_comment":0,"rttpg_category":null,"rttpg_excerpt":"Normativa Gu\u00edas y Recomendaciones Infograf\u00eda Comit\u00e9 de Seguridad y Salud UPV Normativa LA POL\u00cdTICA PREVENCI\u00d3N RIESGOS LABORALES DE LA UPV [&hellip;]","_links":{"self":[{"href":"https:\/\/ccoo2-upv.webs.upv.es\/index.php?rest_route=\/wp\/v2\/pages\/157","targetHints":{"allow":["GET"]}}],"collection":[{"href":"https:\/\/ccoo2-upv.webs.upv.es\/index.php?rest_route=\/wp\/v2\/pages"}],"about":[{"href":"https:\/\/ccoo2-upv.webs.upv.es\/index.php?rest_route=\/wp\/v2\/types\/page"}],"author":[{"embeddable":true,"href":"https:\/\/ccoo2-upv.webs.upv.es\/index.php?rest_route=\/wp\/v2\/users\/3"}],"replies":[{"embeddable":true,"href":"https:\/\/ccoo2-upv.webs.upv.es\/index.php?rest_route=%2Fwp%2Fv2%2Fcomments&post=157"}],"version-history":[{"count":15,"href":"https:\/\/ccoo2-upv.webs.upv.es\/index.php?rest_route=\/wp\/v2\/pages\/157\/revisions"}],"predecessor-version":[{"id":5428,"href":"https:\/\/ccoo2-upv.webs.upv.es\/index.php?rest_route=\/wp\/v2\/pages\/157\/revisions\/5428"}],"wp:attachment":[{"href":"https:\/\/ccoo2-upv.webs.upv.es\/index.php?rest_route=%2Fwp%2Fv2%2Fmedia&parent=157"}],"curies":[{"name":"wp","href":"https:\/\/api.w.org\/{rel}","templated":true}]}}