{"id":4861,"date":"2024-03-08T20:17:03","date_gmt":"2024-03-08T19:17:03","guid":{"rendered":"https:\/\/ccoo.upv.es\/?page_id=4861"},"modified":"2024-03-08T20:17:03","modified_gmt":"2024-03-08T19:17:03","slug":"grup-de-treball-losu-financament-de-les-universitats-publiques-espanyoles","status":"publish","type":"page","link":"https:\/\/ccoo2-upv.webs.upv.es\/?page_id=4861","title":{"rendered":"Grup de treball LOSU: finan\u00e7ament de les universitats p\u00fabliques espanyoles"},"content":{"rendered":"<p><span style=\"color: #ff0000;\"><strong><a style=\"color: #ff0000;\" href=\"https:\/\/feccoo-madrid.org\/noticia:687512--Grupo_de_trabajo_LOSU_financiacion_de_las_universidades_publicas_espanolas&amp;opc_id=d3a4817ab66c2bfc6965099a00703b58\" target=\"_blank\" rel=\"noopener\">Grup de treball LOSU: finan\u00e7ament de les universitats p\u00fabliques espanyoles<\/a><\/strong><\/span><\/p>\n<p>&nbsp;<\/p>\n<p>El dilluns 4 de mar\u00e7 es va celebrar la tercera reuni\u00f3 del grup de treball per al desenvolupament de la LOSU, <strong>presidit pel Secretari d&#8217;Estat de Ci\u00e8ncia, Innovaci\u00f3 i Universitats (MICU) i amb representaci\u00f3 de Comunitats Aut\u00f2nomes (CC.AA.), CRUE i les organitzacions sindicals m\u00e9s representatives.<\/strong><\/p>\n<p>La reuni\u00f3 s&#8217;ha centrat en el debat del Programa Integra, encara que la taula ha assumit que s&#8217;hauran d&#8217;abordar altres q\u00fcestions essencials per al futur de les universitats com serien l&#8217;enfortiment institucional de les universitats, les q\u00fcestions relatives al PTGAS, les necessitats d&#8217;infraestructures, les estructures docents, investigadores i de transfer\u00e8ncia del coneixement, els doctorats industrials, etc.<\/p>\n<p>El tema principal de la reuni\u00f3 va ser la convocat\u00f2ria de places de professorat ajudant doctor, per a compensar els canvis de dedicaci\u00f3 establits en la LOSU. Despr\u00e9s de la reuni\u00f3, CCOO reclama:<\/p>\n<p>1. Que el nombre de places convocades s&#8217;ajuste a les necessitats reals de les universitats, que en cap cas s\u00f3n inferiors a 5.036 places i que podrien arribar a les 5.500 places.<\/p>\n<p>2. S&#8217;ha de garantir l&#8217;estabilitzaci\u00f3 futura d&#8217;aquestes places i no generar una soluci\u00f3 temporal de sis anys que, transcorregut aquest temps, no supose un increment consolidat en el temps de les plantilles de PDI. No estem parlant simplement de \u00abcrear\u00bb 4.200 places d&#8217;Ajudants Doctors. Aquest professorat, juntament amb el qual ja presta servei amb car\u00e0cter temporal en les universitats p\u00fabliques, t\u00e9 dret a l&#8217;estabilitzaci\u00f3 i a la carrera professional.<\/p>\n<p>3. S&#8217;ha de garantir l&#8217;increment consolidable de les transfer\u00e8ncies pressupost\u00e0ries a les universitats per a assumir el cost d&#8217;aquestes contractacions: el finan\u00e7ament d&#8217;aquest programa no pot suposar una minoraci\u00f3 dels pressupostos reals de les universitats p\u00fabliques.<\/p>\n<p>A m\u00e9s, \u00e9s necessari obrir el debat de la resta de q\u00fcestions que permeten respondre a les necessitats reals de les universitats p\u00fabliques.<\/p>\n<p>&nbsp;<\/p>\n<p>Pots trobar m\u00e9s detalls a trav\u00e9s de l&#8217;enlla\u00e7 a <span style=\"color: #ff0000;\"><strong><a style=\"color: #ff0000;\" href=\"https:\/\/feccoo-madrid.org\/4f242d4c1f24afbd5b6c5fc69485b3dd000063.pdf\" target=\"_blank\" rel=\"noopener\">CCOO Informa FE_2024_03_04_Grupo trabajo LOSU<\/a><\/strong><\/span><\/p>\n<p>&nbsp;<\/p>\n<figure style=\"width: 768px\" class=\"wp-caption aligncenter\"><a href=\"https:\/\/www.crue.org\/2023\/12\/informe-sobre-el-impacto-economico-de-la-aplicacion-de-la-losu-en-las-universidades-publicas\/\" target=\"_blank\" rel=\"noopener\"><img fetchpriority=\"high\" decoding=\"async\" src=\"https:\/\/ccoo.upv.es\/wp-content\/uploads\/2024\/03\/2023-12-12_Presentacion-informe-financiacion.jpeg\" alt=\"\" width=\"768\" height=\"480\" \/><\/a><figcaption class=\"wp-caption-text\"><em>Los autores del informe de impacto econ\u00f3mico de la LOSU: Jos\u00e9 Antonio P\u00e9rez y Juan Hern\u00e1ndez Armenteros; la presidenta de Crue, Eva Alc\u00f3n, el adjunto a la Presidencia, Juan Juli\u00e0, y la secretaria general, Mar\u00eda Teresa Lozano<\/em><\/figcaption><\/figure>\n<p>&nbsp;<\/p>\n<p><span style=\"color: #ff0000;\"><strong><a style=\"color: #ff0000;\" href=\"https:\/\/feccoo-madrid.org\/noticia:687512--Grupo_de_trabajo_LOSU_financiacion_de_las_universidades_publicas_espanolas&amp;opc_id=d3a4817ab66c2bfc6965099a00703b58\" target=\"_blank\" rel=\"noopener\">Grupo de trabajo LOSU: financiaci\u00f3n de las universidades p\u00fablicas espa\u00f1olas<\/a><\/strong><\/span><\/p>\n<p>El lunes 4 de marzo se celebr\u00f3 la tercera reuni\u00f3n del grupo de trabajo para el desarrollo de la LOSU,<strong> presidido por el Secretario de Estado de Ciencia, Innovaci\u00f3n y Universidades (MICU) y con representaci\u00f3n de Comunidades Aut\u00f3nomas (CC.AA.), CRUE y las organizaciones sindicales m\u00e1s representativas.<\/strong><\/p>\n<p>La reuni\u00f3n se ha centrado en el debate del Programa Integra, aunque la mesa ha asumido que se deber\u00e1n abordar otras cuestiones esenciales para el futuro de las universidades como ser\u00edan el fortalecimiento institucional de las universidades, las cuestiones relativas al PTGAS, las necesidades de infraestructuras, las estructuras docentes, investigadoras y de transferencia del conocimiento, los doctorados industriales, etc.<\/p>\n<p>El tema principal de la reuni\u00f3n fue la convocatoria de plazas de profesorado ayudante doctor, para compensar los cambios de dedicaci\u00f3n establecidos en la LOSU. Tras la reuni\u00f3n, CCOO reclama:<\/p>\n<p>1. Que el n\u00famero de plazas convocadas se ajuste a las necesidades reales de las universidades, que en ning\u00fan caso son inferiores a 5.036 plazas y que podr\u00edan llegar a las 5.500 plazas.<\/p>\n<p>2. Se debe garantizar la estabilizaci\u00f3n futura de estas plazas y no generar una soluci\u00f3n temporal de seis a\u00f1os que, transcurrido este tiempo, no suponga un incremento consolidado en el tiempo de las plantillas de PDI. No estamos hablando simplemente de \u00abcrear\u00bb 4.200 plazas de Ayudantes Doctores. Este profesorado, junto con el que ya presta servicio con car\u00e1cter temporal en las universidades p\u00fablicas, tiene derecho a la estabilizaci\u00f3n y a la carrera profesional.<\/p>\n<p>3. Se debe garantizar el incremento consolidable de las transferencias presupuestarias a las universidades para asumir el coste de estas contrataciones: la financiaci\u00f3n de este programa no puede suponer una minoraci\u00f3n de los presupuestos reales de las universidades p\u00fablicas.<\/p>\n<p>Adem\u00e1s, es necesario abrir el debate del resto de cuestiones que permitan responder a las necesidades reales de las universidades p\u00fablicas.<\/p>\n<p>&nbsp;<\/p>\n<p>Puedes encontrar m\u00e1s detalles a trav\u00e9s del enlace a <span style=\"color: #ff0000;\"><strong><a style=\"color: #ff0000;\" href=\"https:\/\/feccoo-madrid.org\/4f242d4c1f24afbd5b6c5fc69485b3dd000063.pdf\" target=\"_blank\" rel=\"noopener\">CCOO Informa FE_2024_03_04_Grupo trabajo LOSU<\/a><\/strong><\/span><\/p>\n<p>&nbsp;<\/p>\n<p>&nbsp;<\/p>\n<p>&nbsp;<\/p>\n<p>.<\/p>\n<p><a href=\"http:\/\/www.pv.ccoo.es\/Serveis_a_l%C2%B4afiliacio\/Assessorament\" target=\"_blank\" rel=\"noopener\"><span style=\"color: #ff0000;\"><strong>Som universitat p\u00fablica<\/strong><\/span><\/a><\/p>\n<p><a href=\"http:\/\/www.pv.ccoo.es\/Serveis_a_l%C2%B4afiliacio\/Assessorament\" target=\"_blank\" rel=\"noopener\"><img decoding=\"async\" src=\"https:\/\/ccoo.upv.es\/wp-content\/uploads\/2021\/09\/cropped-logoccooUPV-300x70.png\" \/><\/a><\/p>\n<p>&nbsp;<\/p>\n","protected":false},"excerpt":{"rendered":"<p>Grup de treball LOSU: finan\u00e7ament de les universitats p\u00fabliques espanyoles &nbsp; El dilluns 4 de mar\u00e7 es va celebrar la [&hellip;]<\/p>\n","protected":false},"author":5,"featured_media":4198,"parent":0,"menu_order":0,"comment_status":"closed","ping_status":"closed","template":"","meta":{"site-sidebar-layout":"default","site-content-layout":"","ast-site-content-layout":"default","site-content-style":"default","site-sidebar-style":"default","ast-global-header-display":"","ast-banner-title-visibility":"","ast-main-header-display":"","ast-hfb-above-header-display":"","ast-hfb-below-header-display":"","ast-hfb-mobile-header-display":"","site-post-title":"","ast-breadcrumbs-content":"","ast-featured-img":"","footer-sml-layout":"","theme-transparent-header-meta":"default","adv-header-id-meta":"","stick-header-meta":"","header-above-stick-meta":"","header-main-stick-meta":"","header-below-stick-meta":"","astra-migrate-meta-layouts":"set","ast-page-background-enabled":"default","ast-page-background-meta":{"desktop":{"background-color":"var(--ast-global-color-5)","background-image":"","background-repeat":"repeat","background-position":"center center","background-size":"auto","background-attachment":"scroll","background-type":"","background-media":"","overlay-type":"","overlay-color":"","overlay-opacity":"","overlay-gradient":""},"tablet":{"background-color":"","background-image":"","background-repeat":"repeat","background-position":"center center","background-size":"auto","background-attachment":"scroll","background-type":"","background-media":"","overlay-type":"","overlay-color":"","overlay-opacity":"","overlay-gradient":""},"mobile":{"background-color":"","background-image":"","background-repeat":"repeat","background-position":"center center","background-size":"auto","background-attachment":"scroll","background-type":"","background-media":"","overlay-type":"","overlay-color":"","overlay-opacity":"","overlay-gradient":""}},"ast-content-background-meta":{"desktop":{"background-color":"var(--ast-global-color-4)","background-image":"","background-repeat":"repeat","background-position":"center center","background-size":"auto","background-attachment":"scroll","background-type":"","background-media":"","overlay-type":"","overlay-color":"","overlay-opacity":"","overlay-gradient":""},"tablet":{"background-color":"var(--ast-global-color-4)","background-image":"","background-repeat":"repeat","background-position":"center center","background-size":"auto","background-attachment":"scroll","background-type":"","background-media":"","overlay-type":"","overlay-color":"","overlay-opacity":"","overlay-gradient":""},"mobile":{"background-color":"var(--ast-global-color-4)","background-image":"","background-repeat":"repeat","background-position":"center center","background-size":"auto","background-attachment":"scroll","background-type":"","background-media":"","overlay-type":"","overlay-color":"","overlay-opacity":"","overlay-gradient":""}},"footnotes":""},"class_list":["post-4861","page","type-page","status-publish","has-post-thumbnail","hentry"],"rttpg_featured_image_url":{"full":["https:\/\/ccoo2-upv.webs.upv.es\/wp-content\/uploads\/2022\/12\/mesa-negociaciones.jpg",261,193,false],"landscape":["https:\/\/ccoo2-upv.webs.upv.es\/wp-content\/uploads\/2022\/12\/mesa-negociaciones.jpg",261,193,false],"portraits":["https:\/\/ccoo2-upv.webs.upv.es\/wp-content\/uploads\/2022\/12\/mesa-negociaciones.jpg",261,193,false],"thumbnail":["https:\/\/ccoo2-upv.webs.upv.es\/wp-content\/uploads\/2022\/12\/mesa-negociaciones-150x150.jpg",150,150,true],"medium":["https:\/\/ccoo2-upv.webs.upv.es\/wp-content\/uploads\/2022\/12\/mesa-negociaciones.jpg",261,193,false],"large":["https:\/\/ccoo2-upv.webs.upv.es\/wp-content\/uploads\/2022\/12\/mesa-negociaciones.jpg",261,193,false],"1536x1536":["https:\/\/ccoo2-upv.webs.upv.es\/wp-content\/uploads\/2022\/12\/mesa-negociaciones.jpg",261,193,false],"2048x2048":["https:\/\/ccoo2-upv.webs.upv.es\/wp-content\/uploads\/2022\/12\/mesa-negociaciones.jpg",261,193,false]},"rttpg_author":{"display_name":"Alonso Perez","author_link":"https:\/\/ccoo2-upv.webs.upv.es\/?author=5"},"rttpg_comment":0,"rttpg_category":null,"rttpg_excerpt":"Grup de treball LOSU: finan\u00e7ament de les universitats p\u00fabliques espanyoles &nbsp; El dilluns 4 de mar\u00e7 es va celebrar la [&hellip;]","_links":{"self":[{"href":"https:\/\/ccoo2-upv.webs.upv.es\/index.php?rest_route=\/wp\/v2\/pages\/4861","targetHints":{"allow":["GET"]}}],"collection":[{"href":"https:\/\/ccoo2-upv.webs.upv.es\/index.php?rest_route=\/wp\/v2\/pages"}],"about":[{"href":"https:\/\/ccoo2-upv.webs.upv.es\/index.php?rest_route=\/wp\/v2\/types\/page"}],"author":[{"embeddable":true,"href":"https:\/\/ccoo2-upv.webs.upv.es\/index.php?rest_route=\/wp\/v2\/users\/5"}],"replies":[{"embeddable":true,"href":"https:\/\/ccoo2-upv.webs.upv.es\/index.php?rest_route=%2Fwp%2Fv2%2Fcomments&post=4861"}],"version-history":[{"count":0,"href":"https:\/\/ccoo2-upv.webs.upv.es\/index.php?rest_route=\/wp\/v2\/pages\/4861\/revisions"}],"wp:featuredmedia":[{"embeddable":true,"href":"https:\/\/ccoo2-upv.webs.upv.es\/index.php?rest_route=\/wp\/v2\/media\/4198"}],"wp:attachment":[{"href":"https:\/\/ccoo2-upv.webs.upv.es\/index.php?rest_route=%2Fwp%2Fv2%2Fmedia&parent=4861"}],"curies":[{"name":"wp","href":"https:\/\/api.w.org\/{rel}","templated":true}]}}