{"id":4909,"date":"2024-05-27T13:09:06","date_gmt":"2024-05-27T11:09:06","guid":{"rendered":"https:\/\/ccoo.upv.es\/?page_id=4909"},"modified":"2024-05-27T13:09:06","modified_gmt":"2024-05-27T11:09:06","slug":"comissions-obreres-davant-lescalada-bel%c2%b7lica-a-gaza","status":"publish","type":"page","link":"https:\/\/ccoo2-upv.webs.upv.es\/?page_id=4909","title":{"rendered":"Comissions Obreres davant l&#8217;escalada b\u00e8l\u00b7lica a Gaza"},"content":{"rendered":"<p style=\"text-align: center;\"><em><strong>Comunicat Oficial, Acampada UPV<\/strong><\/em><br \/>\n<em><strong>Des de l&#8217;Acampada de l&#8217;estudiantat de la UPV emetem el seg\u00fcent comunicat:<\/strong><\/em><\/p>\n<p><a href=\"https:\/\/ccoo2-upv.webs.upv.es\/wp-content\/uploads\/2024\/05\/Acampada-UPV_Manifiesto_2024-05-15_ES.pdf\" target=\"_blank\" rel=\"noopener\"><em>Versi\u00f3 castell\u00e0<\/em><\/a><\/p>\n<p><em><a href=\"https:\/\/ccoo.upv.es\/wp-content\/uploads\/2024\/05\/Acampada-UPV_Manifiesto-2024-05-15_VAL.pdf\" target=\"_blank\" rel=\"noopener\">Versi\u00f3 valenci\u00e0<\/a><\/em><\/p>\n<p><a href=\"https:\/\/valenciaplaza.com\/acampada-palestina-upv-se-mantendra-campus-alcanzar-acuerdo-satisfactorio\" target=\"_blank\" rel=\"noopener\"><em><strong>L&#8217;Acampada Palestina de la UPV es mantindr\u00e0 al campus fins a aconseguir un \u00abacord satisfactori\u00bb<\/strong><\/em><\/a><\/p>\n<p><em><strong><a href=\"https:\/\/www.levante-emv.com\/comunitat-valenciana\/2024\/05\/24\/acampada-upv-rompera-relaciones-israel-masacre-gaza-ayudas-palestina-102832419.html\" target=\"_blank\" rel=\"noopener\">L&#8217;Acampada per Palestina de la UPV resisteix i demana \u00abmesures m\u00e9s contundents\u00bb al rectorat<\/a><\/strong><\/em><\/p>\n<p><img fetchpriority=\"high\" decoding=\"async\" class=\"aligncenter\" src=\"https:\/\/ccoo2-upv.webs.upv.es\/wp-content\/uploads\/2024\/05\/2024-05-27_acampada-01.jpg\" width=\"377\" height=\"264\" \/><\/p>\n<p><em><strong><a href=\"https:\/\/www.ccoo.es\/noticia:674731--Comisiones_Obreras_ante_la_escalada_belica_en_Gaza&amp;opc_id=8c53f4de8f8f09d2e54f19daf8d8ed95\" target=\"_blank\" rel=\"noopener\">Comissions Obreres davant l&#8217;escalada b\u00e8l\u00b7lica a Gaza<\/a><\/strong><\/em><\/p>\n<p><strong>CCOO<\/strong> reprova la viol\u00e8ncia terrorista deslligada per Ham\u00e0s contra la poblaci\u00f3 israeliana, aix\u00ed com l&#8217;exercida en l&#8217;escalada bel\u00b7licista d&#8217;Israel contra el poble palest\u00ed a Gaza.<\/p>\n<p>Per aix\u00f2:<\/p>\n<p>\u00b7 <strong>CCOO<\/strong> condemnem tot tipus de viol\u00e8ncia i exigim el cessament immediat de qualsevol mena de viol\u00e8ncia a la regi\u00f3. Reprovem la viol\u00e8ncia terrorista deslligada per Ham\u00e0s contra la poblaci\u00f3 israeliana, aix\u00ed com l&#8217;exercida en l&#8217;escalada bel\u00b7licista d&#8217;Israel contra el poble palest\u00ed a Gaza que, a m\u00e9s d&#8217;atacs armats, inclou el bloqueig d&#8217;aliments i d&#8217;electricitat i la destrucci\u00f3 d&#8217;infraestructures b\u00e0siques, la qual cosa suposa la vulneraci\u00f3 de drets humans i de la Convenci\u00f3 de Ginebra.<\/p>\n<p>\u00b7 Com a organitzaci\u00f3 sindical manifestem la nostra plena solidaritat amb els sindicats palestins i israelians.<\/p>\n<p>&nbsp;<\/p>\n<p><a href=\"https:\/\/www.ccoo.es\/noticia:674731--Comisiones_Obreras_ante_la_escalada_belica_en_Gaza&amp;opc_id=8c53f4de8f8f09d2e54f19daf8d8ed95\" target=\"_blank\" rel=\"noopener\"><img decoding=\"async\" class=\"\" src=\"https:\/\/www.ccoo.es\/fff0b5db7617d897db5bb67b209f1701000001.jpg\" width=\"669\" height=\"376\" \/><\/a><\/p>\n<p>.<\/p>\n<p style=\"text-align: center;\"><em><strong>Comunicado Oficial, Acampada UPV<\/strong><\/em><br \/>\n<em><strong>Desde la Acampada del estudiantado de la UPV emitimos el siguiente comunicado:<\/strong><\/em><\/p>\n<p><em><a href=\"https:\/\/ccoo2-upv.webs.upv.es\/wp-content\/uploads\/2024\/05\/Acampada-UPV_Manifiesto_2024-05-15_ES.pdf\" target=\"_blank\" rel=\"noopener\">Versi\u00f3n castellano<\/a><\/em><\/p>\n<p><em><a href=\"https:\/\/ccoo.upv.es\/wp-content\/uploads\/2024\/05\/Acampada-UPV_Manifiesto-2024-05-15_VAL.pdf\" target=\"_blank\" rel=\"noopener\">Versi\u00f3n valenciano<\/a><\/em><\/p>\n<p><em><a href=\"https:\/\/valenciaplaza.com\/acampada-palestina-upv-se-mantendra-campus-alcanzar-acuerdo-satisfactorio\" target=\"_blank\" rel=\"noopener\">La Acampada Palestina de la UPV se mantendr\u00e1 en el campus hasta alcanzar un \u00abacuerdo satisfactorio\u00bb<\/a><\/em><\/p>\n<p><em><a href=\"https:\/\/www.levante-emv.com\/comunitat-valenciana\/2024\/05\/24\/acampada-upv-rompera-relaciones-israel-masacre-gaza-ayudas-palestina-102832419.html\" target=\"_blank\" rel=\"noopener\">La Acampada por Palestina de la UPV resiste y pide \u00abmedidas m\u00e1s contundentes\u00bb al rectorado<\/a><\/em><\/p>\n<p>&nbsp;<\/p>\n<p><img decoding=\"async\" class=\"aligncenter\" src=\"https:\/\/ccoo2-upv.webs.upv.es\/wp-content\/uploads\/2024\/05\/2024-05-27_acampada-01.jpg\" width=\"409\" height=\"286\" \/><\/p>\n<p>&nbsp;<\/p>\n<p><strong><a href=\"https:\/\/www.ccoo.es\/noticia:674731--Comisiones_Obreras_ante_la_escalada_belica_en_Gaza&amp;opc_id=8c53f4de8f8f09d2e54f19daf8d8ed95\" target=\"_blank\" rel=\"noopener\">Comisiones Obreras ante la escalada b\u00e9lica en Gaza<\/a><\/strong><\/p>\n<p><strong>CCOO<\/strong> reprueba la violencia terrorista desatada por Ham\u00e1s contra la poblaci\u00f3n israel\u00ed, as\u00ed como la ejercida en la escalada belicista de Israel contra el pueblo palestino en Gaza.<\/p>\n<p>Por ello:<\/p>\n<p>\u00b7 <strong>CCOO<\/strong> condenamos todo tipo de violencia y exigimos el cese inmediato de cualquier tipo de violencia en la regi\u00f3n. Reprobamos la violencia terrorista desatada por Ham\u00e1s contra la poblaci\u00f3n israel\u00ed, as\u00ed como la ejercida en la escalada belicista de Israel contra el pueblo palestino en Gaza que, adem\u00e1s de ataques armados, incluye el bloqueo de alimentos y de electricidad y la destrucci\u00f3n de infraestructuras b\u00e1sicas, lo que supone la vulneraci\u00f3n de derechos humanos y de la Convenci\u00f3n de Ginebra.<\/p>\n<p>\u00b7 Como organizaci\u00f3n sindical manifestamos nuestra plena solidaridad con los sindicatos palestinos e israel\u00edes.<\/p>\n<p style=\"text-align: center;\"><a href=\"http:\/\/www.pv.ccoo.es\/Serveis_a_l%C2%B4afiliacio\/Assessorament\" target=\"_blank\" rel=\"noopener\"><strong>Som treballadors<\/strong><\/a><br \/>\n<strong>Som treballadores<\/strong><br \/>\n<strong>Som universitat<\/strong><\/p>\n<p style=\"text-align: center;\">\n","protected":false},"excerpt":{"rendered":"<p>Comunicat Oficial, Acampada UPV Des de l&#8217;Acampada de l&#8217;estudiantat de la UPV emetem el seg\u00fcent comunicat: Versi\u00f3 castell\u00e0 Versi\u00f3 valenci\u00e0 [&hellip;]<\/p>\n","protected":false},"author":5,"featured_media":4906,"parent":0,"menu_order":0,"comment_status":"closed","ping_status":"closed","template":"","meta":{"site-sidebar-layout":"default","site-content-layout":"","ast-site-content-layout":"default","site-content-style":"default","site-sidebar-style":"default","ast-global-header-display":"","ast-banner-title-visibility":"","ast-main-header-display":"","ast-hfb-above-header-display":"","ast-hfb-below-header-display":"","ast-hfb-mobile-header-display":"","site-post-title":"","ast-breadcrumbs-content":"","ast-featured-img":"","footer-sml-layout":"","theme-transparent-header-meta":"default","adv-header-id-meta":"","stick-header-meta":"","header-above-stick-meta":"","header-main-stick-meta":"","header-below-stick-meta":"","astra-migrate-meta-layouts":"set","ast-page-background-enabled":"default","ast-page-background-meta":{"desktop":{"background-color":"var(--ast-global-color-5)","background-image":"","background-repeat":"repeat","background-position":"center center","background-size":"auto","background-attachment":"scroll","background-type":"","background-media":"","overlay-type":"","overlay-color":"","overlay-opacity":"","overlay-gradient":""},"tablet":{"background-color":"","background-image":"","background-repeat":"repeat","background-position":"center center","background-size":"auto","background-attachment":"scroll","background-type":"","background-media":"","overlay-type":"","overlay-color":"","overlay-opacity":"","overlay-gradient":""},"mobile":{"background-color":"","background-image":"","background-repeat":"repeat","background-position":"center center","background-size":"auto","background-attachment":"scroll","background-type":"","background-media":"","overlay-type":"","overlay-color":"","overlay-opacity":"","overlay-gradient":""}},"ast-content-background-meta":{"desktop":{"background-color":"var(--ast-global-color-4)","background-image":"","background-repeat":"repeat","background-position":"center center","background-size":"auto","background-attachment":"scroll","background-type":"","background-media":"","overlay-type":"","overlay-color":"","overlay-opacity":"","overlay-gradient":""},"tablet":{"background-color":"var(--ast-global-color-4)","background-image":"","background-repeat":"repeat","background-position":"center center","background-size":"auto","background-attachment":"scroll","background-type":"","background-media":"","overlay-type":"","overlay-color":"","overlay-opacity":"","overlay-gradient":""},"mobile":{"background-color":"var(--ast-global-color-4)","background-image":"","background-repeat":"repeat","background-position":"center center","background-size":"auto","background-attachment":"scroll","background-type":"","background-media":"","overlay-type":"","overlay-color":"","overlay-opacity":"","overlay-gradient":""}},"footnotes":""},"class_list":["post-4909","page","type-page","status-publish","has-post-thumbnail","hentry"],"rttpg_featured_image_url":{"full":["https:\/\/ccoo2-upv.webs.upv.es\/wp-content\/uploads\/2024\/05\/2024-05-27_acampada-01.jpg",1200,840,false],"landscape":["https:\/\/ccoo2-upv.webs.upv.es\/wp-content\/uploads\/2024\/05\/2024-05-27_acampada-01.jpg",1200,840,false],"portraits":["https:\/\/ccoo2-upv.webs.upv.es\/wp-content\/uploads\/2024\/05\/2024-05-27_acampada-01.jpg",1200,840,false],"thumbnail":["https:\/\/ccoo2-upv.webs.upv.es\/wp-content\/uploads\/2024\/05\/2024-05-27_acampada-01-150x150.jpg",150,150,true],"medium":["https:\/\/ccoo2-upv.webs.upv.es\/wp-content\/uploads\/2024\/05\/2024-05-27_acampada-01-300x210.jpg",300,210,true],"large":["https:\/\/ccoo2-upv.webs.upv.es\/wp-content\/uploads\/2024\/05\/2024-05-27_acampada-01-1024x717.jpg",1024,717,true],"1536x1536":["https:\/\/ccoo2-upv.webs.upv.es\/wp-content\/uploads\/2024\/05\/2024-05-27_acampada-01.jpg",1200,840,false],"2048x2048":["https:\/\/ccoo2-upv.webs.upv.es\/wp-content\/uploads\/2024\/05\/2024-05-27_acampada-01.jpg",1200,840,false]},"rttpg_author":{"display_name":"Alonso Perez","author_link":"https:\/\/ccoo2-upv.webs.upv.es\/?author=5"},"rttpg_comment":0,"rttpg_category":null,"rttpg_excerpt":"Comunicat Oficial, Acampada UPV Des de l&#8217;Acampada de l&#8217;estudiantat de la UPV emetem el seg\u00fcent comunicat: Versi\u00f3 castell\u00e0 Versi\u00f3 valenci\u00e0 [&hellip;]","_links":{"self":[{"href":"https:\/\/ccoo2-upv.webs.upv.es\/index.php?rest_route=\/wp\/v2\/pages\/4909","targetHints":{"allow":["GET"]}}],"collection":[{"href":"https:\/\/ccoo2-upv.webs.upv.es\/index.php?rest_route=\/wp\/v2\/pages"}],"about":[{"href":"https:\/\/ccoo2-upv.webs.upv.es\/index.php?rest_route=\/wp\/v2\/types\/page"}],"author":[{"embeddable":true,"href":"https:\/\/ccoo2-upv.webs.upv.es\/index.php?rest_route=\/wp\/v2\/users\/5"}],"replies":[{"embeddable":true,"href":"https:\/\/ccoo2-upv.webs.upv.es\/index.php?rest_route=%2Fwp%2Fv2%2Fcomments&post=4909"}],"version-history":[{"count":0,"href":"https:\/\/ccoo2-upv.webs.upv.es\/index.php?rest_route=\/wp\/v2\/pages\/4909\/revisions"}],"wp:featuredmedia":[{"embeddable":true,"href":"https:\/\/ccoo2-upv.webs.upv.es\/index.php?rest_route=\/wp\/v2\/media\/4906"}],"wp:attachment":[{"href":"https:\/\/ccoo2-upv.webs.upv.es\/index.php?rest_route=%2Fwp%2Fv2%2Fmedia&parent=4909"}],"curies":[{"name":"wp","href":"https:\/\/api.w.org\/{rel}","templated":true}]}}