{"id":4930,"date":"2024-06-20T13:55:14","date_gmt":"2024-06-20T11:55:14","guid":{"rendered":"https:\/\/ccoo.upv.es\/?page_id=4930"},"modified":"2024-06-20T13:55:14","modified_gmt":"2024-06-20T11:55:14","slug":"ccoo-celebra-laprovacio-del-pla-integra-encara-que-es-nomes-un-primer-pas","status":"publish","type":"page","link":"https:\/\/ccoo2-upv.webs.upv.es\/?page_id=4930","title":{"rendered":"CCOO celebra l&#8217;aprovaci\u00f3 del Pla Integra, encara que \u00e9s nom\u00e9s un primer pas."},"content":{"rendered":"<p><strong>CCOO<\/strong> celebra l&#8217;aprovaci\u00f3 del Pla Integra, encara que \u00e9s nom\u00e9s un primer pas.<\/p>\n<p>El Govern va aprovar, en el Consell de Ministres del dimarts 18 de juny, el Programa per a la Incorporaci\u00f3 de Talent Docent i Investigador en les Universitats P\u00fabliques Espanyoles, que suposa la incorporaci\u00f3 d&#8217;unes 3.400 noves places de professorat Ajudant Doctor (AYUD) al sistema universitari, i l&#8217;endem\u00e0 s&#8217;han aprovat en la Confer\u00e8ncia de Pol\u00edtica Universit\u00e0ria els criteris per a la distribuci\u00f3 d&#8217;aquest finan\u00e7ament.<\/p>\n<p>Des de <strong>CCOO<\/strong> ja assenyalem que el Pla Integra que va proposar el Ministeri de Ci\u00e8ncia, Innovaci\u00f3 i Universitats, pel qual es cofinan\u00e7aran noves places de professorat Ajudant Doctor, no \u00e9s suficient per a revertir m\u00e9s d&#8217;una d\u00e8cada de retallades, estancament i congelaci\u00f3 de les plantilles en el Sistema Universitari espanyol.<\/p>\n<p>\u00c9s necessari que el finan\u00e7ament s&#8217;estenga a altres figures docents, a l&#8217;increment d&#8217;efectius en el PTGAS i al finan\u00e7ament d&#8217;infraestructures i investigaci\u00f3. Per\u00f2, per descomptat, \u00e9s un pas important per a comen\u00e7ar a retallar la intolerable precarietat i temporalitat en la qual estan sumides la majoria de les universitats p\u00fabliques del nostre pa\u00eds.<\/p>\n<p>Per aix\u00f2 no podem entendre l&#8217;abstenci\u00f3 d&#8217;algunes comunitats aut\u00f2nomes ni, molt menys, el vot en contra de Balears, precisament la comunitat amb menor n\u00famero de personal permanent, un 34,41% en la universitat p\u00fablica segons el SIIU. Aix\u00f2 no pot entendre&#8217;s sin\u00f3 com un atac sense justificaci\u00f3 a les universitats p\u00fabliques i la seua estabilitat, en detriment de la seua qualitat i a favor de les universitats privades.<\/p>\n<p>Desconeixem les implicacions d&#8217;aquesta decisi\u00f3 que, esperem, no siga irreversible. El desprop\u00f2sit d&#8217;una pol\u00edtica enfangada no l&#8217;ha de pagar el servei p\u00fablic d&#8217;educaci\u00f3 superior. Ni els seus treballadors i treballadores, ni la ciutadania.<\/p>\n<p>Des de <strong>CCOO<\/strong> esperem que els convenis entre ministeri i comunitats aut\u00f2nomes no es demoren perqu\u00e8 la incorporaci\u00f3 d&#8217;aquest grup de professorat puga produir-se el pr\u00f2xim curs sense retards. I, com anunciem, no descartem mobilitzacions en aquells territoris que no aposten per un adequat finan\u00e7ament del servei p\u00fablic universitari.<\/p>\n<p>.<\/p>\n<p><a href=\"https:\/\/feccoo-madrid.org\/noticia:697741--Educacion_para_vivir_Organizacion_para_luchar_#OrganizaTuOrgullo\" target=\"_blank\" rel=\"noopener\"><img fetchpriority=\"high\" decoding=\"async\" class=\"aligncenter\" src=\"https:\/\/ccoo.upv.es\/wp-content\/uploads\/2024\/06\/2024_organiza-tu-orgullo_CCOO-01.png\" width=\"645\" height=\"363\" \/><\/a><\/p>\n<p>.<\/p>\n<p><em><strong>CCOO<\/strong> celebra la aprobaci\u00f3n del Plan Integra, aunque es s\u00f3lo un primer paso<\/em><\/p>\n<p><em>El Gobierno aprob\u00f3, en el Consejo de Ministros del martes 18 de junio, el Programa para la Incorporaci\u00f3n de Talento Docente e Investigador en las Universidades P\u00fablicas Espa\u00f1olas, que supone la incorporaci\u00f3n de unas 3.400 nuevas plazas de profesorado Ayudante Doctor (AYUD) al sistema universitario, y el d\u00eda siguiente se han aprobado en la Conferencia de Pol\u00edtica Universitaria los criterios para la distribuci\u00f3n de esta financiaci\u00f3n.<\/em><\/p>\n<p><em>Desde <strong>CCOO<\/strong> ya se\u00f1alamos que el Plan Integra que propuso el Ministerio de Ciencia, Innovaci\u00f3n y Universidades, por el que se cofinanciar\u00e1n nuevas plazas de profesorado Ayudante Doctor, no es suficiente para revertir m\u00e1s de una d\u00e9cada de recortes, estancamiento y congelaci\u00f3n de las plantillas en el Sistema Universitario espa\u00f1ol.<\/em><\/p>\n<p><em>Es necesario que la financiaci\u00f3n se extienda a otras figuras docentes, al incremento de efectivos en el PTGAS y a la financiaci\u00f3n de infraestructuras e investigaci\u00f3n. Pero, desde luego, es un paso importante para comenzar a recortar la intolerable precariedad y temporalidad en la que est\u00e1n sumidas la mayor\u00eda de las universidades p\u00fablicas de nuestro pa\u00eds.<\/em><\/p>\n<p><em>Por eso no podemos entender la abstenci\u00f3n de algunas comunidades aut\u00f3nomas ni, mucho menos, el voto en contra de Baleares, precisamente la comunidad con menor n\u00famero de personal permanente, un 34,41% en la universidad p\u00fablica seg\u00fan el SIIU. Esto no puede entenderse sino como un ataque sin justificaci\u00f3n a las universidades p\u00fablicas y su estabilidad, en detrimento de su calidad y a favor de las universidades privadas.<\/em><\/p>\n<p><em>Desconocemos las implicaciones de esta decisi\u00f3n que, esperemos, no sea irreversible. El desprop\u00f3sito de una pol\u00edtica enfangada no lo debe pagar el servicio p\u00fablico de educaci\u00f3n superior. Ni sus trabajadores y trabajadoras, ni la ciudadan\u00eda.<\/em><\/p>\n<p><em>Desde <strong>CCOO<\/strong> esperamos que los convenios entre ministerio y comunidades aut\u00f3nomas no se demoren para que la incorporaci\u00f3n de este grupo de profesorado pueda producirse el pr\u00f3ximo curso sin retrasos. Y, como anunciamos, no descartamos movilizaciones en aquellos territorios que no apuesten por una adecuada financiaci\u00f3n del servicio p\u00fablico universitario.<\/em><\/p>\n","protected":false},"excerpt":{"rendered":"<p>CCOO celebra l&#8217;aprovaci\u00f3 del Pla Integra, encara que \u00e9s nom\u00e9s un primer pas. El Govern va aprovar, en el Consell [&hellip;]<\/p>\n","protected":false},"author":5,"featured_media":4929,"parent":0,"menu_order":0,"comment_status":"closed","ping_status":"closed","template":"","meta":{"site-sidebar-layout":"default","site-content-layout":"","ast-site-content-layout":"default","site-content-style":"default","site-sidebar-style":"default","ast-global-header-display":"","ast-banner-title-visibility":"","ast-main-header-display":"","ast-hfb-above-header-display":"","ast-hfb-below-header-display":"","ast-hfb-mobile-header-display":"","site-post-title":"","ast-breadcrumbs-content":"","ast-featured-img":"","footer-sml-layout":"","theme-transparent-header-meta":"default","adv-header-id-meta":"","stick-header-meta":"","header-above-stick-meta":"","header-main-stick-meta":"","header-below-stick-meta":"","astra-migrate-meta-layouts":"set","ast-page-background-enabled":"default","ast-page-background-meta":{"desktop":{"background-color":"var(--ast-global-color-5)","background-image":"","background-repeat":"repeat","background-position":"center center","background-size":"auto","background-attachment":"scroll","background-type":"","background-media":"","overlay-type":"","overlay-color":"","overlay-opacity":"","overlay-gradient":""},"tablet":{"background-color":"","background-image":"","background-repeat":"repeat","background-position":"center center","background-size":"auto","background-attachment":"scroll","background-type":"","background-media":"","overlay-type":"","overlay-color":"","overlay-opacity":"","overlay-gradient":""},"mobile":{"background-color":"","background-image":"","background-repeat":"repeat","background-position":"center center","background-size":"auto","background-attachment":"scroll","background-type":"","background-media":"","overlay-type":"","overlay-color":"","overlay-opacity":"","overlay-gradient":""}},"ast-content-background-meta":{"desktop":{"background-color":"var(--ast-global-color-4)","background-image":"","background-repeat":"repeat","background-position":"center center","background-size":"auto","background-attachment":"scroll","background-type":"","background-media":"","overlay-type":"","overlay-color":"","overlay-opacity":"","overlay-gradient":""},"tablet":{"background-color":"var(--ast-global-color-4)","background-image":"","background-repeat":"repeat","background-position":"center center","background-size":"auto","background-attachment":"scroll","background-type":"","background-media":"","overlay-type":"","overlay-color":"","overlay-opacity":"","overlay-gradient":""},"mobile":{"background-color":"var(--ast-global-color-4)","background-image":"","background-repeat":"repeat","background-position":"center center","background-size":"auto","background-attachment":"scroll","background-type":"","background-media":"","overlay-type":"","overlay-color":"","overlay-opacity":"","overlay-gradient":""}},"footnotes":""},"class_list":["post-4930","page","type-page","status-publish","has-post-thumbnail","hentry"],"rttpg_featured_image_url":{"full":["https:\/\/ccoo2-upv.webs.upv.es\/wp-content\/uploads\/2024\/06\/2024_mesa-negociacion-CCOO-02.jpg",1200,792,false],"landscape":["https:\/\/ccoo2-upv.webs.upv.es\/wp-content\/uploads\/2024\/06\/2024_mesa-negociacion-CCOO-02.jpg",1200,792,false],"portraits":["https:\/\/ccoo2-upv.webs.upv.es\/wp-content\/uploads\/2024\/06\/2024_mesa-negociacion-CCOO-02.jpg",1200,792,false],"thumbnail":["https:\/\/ccoo2-upv.webs.upv.es\/wp-content\/uploads\/2024\/06\/2024_mesa-negociacion-CCOO-02-150x150.jpg",150,150,true],"medium":["https:\/\/ccoo2-upv.webs.upv.es\/wp-content\/uploads\/2024\/06\/2024_mesa-negociacion-CCOO-02-300x198.jpg",300,198,true],"large":["https:\/\/ccoo2-upv.webs.upv.es\/wp-content\/uploads\/2024\/06\/2024_mesa-negociacion-CCOO-02-1024x676.jpg",1024,676,true],"1536x1536":["https:\/\/ccoo2-upv.webs.upv.es\/wp-content\/uploads\/2024\/06\/2024_mesa-negociacion-CCOO-02.jpg",1200,792,false],"2048x2048":["https:\/\/ccoo2-upv.webs.upv.es\/wp-content\/uploads\/2024\/06\/2024_mesa-negociacion-CCOO-02.jpg",1200,792,false]},"rttpg_author":{"display_name":"Alonso Perez","author_link":"https:\/\/ccoo2-upv.webs.upv.es\/?author=5"},"rttpg_comment":0,"rttpg_category":null,"rttpg_excerpt":"CCOO celebra l&#8217;aprovaci\u00f3 del Pla Integra, encara que \u00e9s nom\u00e9s un primer pas. El Govern va aprovar, en el Consell [&hellip;]","_links":{"self":[{"href":"https:\/\/ccoo2-upv.webs.upv.es\/index.php?rest_route=\/wp\/v2\/pages\/4930","targetHints":{"allow":["GET"]}}],"collection":[{"href":"https:\/\/ccoo2-upv.webs.upv.es\/index.php?rest_route=\/wp\/v2\/pages"}],"about":[{"href":"https:\/\/ccoo2-upv.webs.upv.es\/index.php?rest_route=\/wp\/v2\/types\/page"}],"author":[{"embeddable":true,"href":"https:\/\/ccoo2-upv.webs.upv.es\/index.php?rest_route=\/wp\/v2\/users\/5"}],"replies":[{"embeddable":true,"href":"https:\/\/ccoo2-upv.webs.upv.es\/index.php?rest_route=%2Fwp%2Fv2%2Fcomments&post=4930"}],"version-history":[{"count":0,"href":"https:\/\/ccoo2-upv.webs.upv.es\/index.php?rest_route=\/wp\/v2\/pages\/4930\/revisions"}],"wp:featuredmedia":[{"embeddable":true,"href":"https:\/\/ccoo2-upv.webs.upv.es\/index.php?rest_route=\/wp\/v2\/media\/4929"}],"wp:attachment":[{"href":"https:\/\/ccoo2-upv.webs.upv.es\/index.php?rest_route=%2Fwp%2Fv2%2Fmedia&parent=4930"}],"curies":[{"name":"wp","href":"https:\/\/api.w.org\/{rel}","templated":true}]}}