{"id":4932,"date":"2024-06-27T13:14:10","date_gmt":"2024-06-27T11:14:10","guid":{"rendered":"https:\/\/ccoo.upv.es\/?page_id=4932"},"modified":"2024-06-27T13:14:10","modified_gmt":"2024-06-27T11:14:10","slug":"dia-internacional-de-lorgull-lgtbi-al-pais-valencia","status":"publish","type":"page","link":"https:\/\/ccoo2-upv.webs.upv.es\/?page_id=4932","title":{"rendered":"Dia Internacional de l&#8217;Orgull LGTBI+ al Pa\u00eds Valenci\u00e0."},"content":{"rendered":"<table border=\"0\" width=\"600\" cellspacing=\"0\" cellpadding=\"0\" align=\"center\">\n<tbody>\n<tr>\n<td align=\"center\" bgcolor=\"#ff3333\"><\/td>\n<\/tr>\n<tr>\n<td><\/td>\n<\/tr>\n<tr>\n<td width=\"auto\"><\/td>\n<\/tr>\n<tr>\n<td><b><a title=\"https:\/\/feccoo-madrid.org\/noticia:697741--Educacion_para_vivir_Organizacion_para_luchar_#OrganizaTuOrgullo&amp;opc_id=edffcee559d66d0f392e47a3be3cfafd\" href=\"https:\/\/feccoo-madrid.org\/noticia:697741--Educacion_para_vivir_Organizacion_para_luchar_#OrganizaTuOrgullo&amp;opc_id=edffcee559d66d0f392e47a3be3cfafd\" target=\"_blank\" rel=\"noopener\"><br \/>\nCCOO PV crida a celebrar el 28J i reivindica \u2018Educaci\u00f3 per a viure. Organitzaci\u00f3 per a lluitar\u2019<\/a><\/b>El sindicat anima a participar de forma conjunta amb la pancarta de CCOO PV en les mobilitzacions del <b><a title=\" https:\/\/www.pv.ccoo.es\/noticia:697143--CCOO_PV_crida_a_celebrar_el_28J_i_reivindica_%E2%80%98Educacio_per_a_viure_Organitzacio_per_a_lluitar%E2%80%99&amp;opc_id=60f9b4a55079b125782b5ffa075824dd\" href=\"https:\/\/www.pv.ccoo.es\/noticia:697143--CCOO_PV_crida_a_celebrar_el_28J_i_reivindica_%E2%80%98Educacio_per_a_viure_Organitzacio_per_a_lluitar%E2%80%99&amp;opc_id=60f9b4a55079b125782b5ffa075824dd\" target=\"_blank\" rel=\"noopener\">Dia Internacional de l&#8217;Orgull LGTBI+ al Pa\u00eds Valenci\u00e0<\/a><\/b>.<br \/>\nUna commemoraci\u00f3 que continua sent molt necess\u00e0ria per a visibilitzar les discriminacions persistents i per a defensar els seus drets.Les discriminacions, els atacs i els discursos d&#8217;odi continuen sent una realitat tristament quotidiana per a lesbianes, gais, trans, bisexuals i intersexuals. Per aix\u00f2, la commemoraci\u00f3 del 28J, continua sent tan necess\u00e0ria per a visibilitzar les discriminacions persistents i per a defensar els seus drets.Per a continuar avan\u00e7ant \u00e9s necessari organitzar-se, perqu\u00e8 sense organitzaci\u00f3 sindical no podrem erradicar la precarietat i la falta de drets que pateixen les persones del col\u00b7lectiu i tampoc podrem continuar progressant. En CCOO apostem per aprofundir en l&#8217;educaci\u00f3, perqu\u00e8 sense aquesta, no podrem fomentar una societat que cuide la conviv\u00e8ncia davant de l&#8217;odi.Cal frenar els discursos LGTBI+f\u00f2bics que fomenta l&#8217;extrema dreta, per a combatre&#8217;ls amb m\u00e9s pedagogia, amb m\u00e9s educaci\u00f3.<\/p>\n<p>Educaci\u00f3 i organitzaci\u00f3 per a avan\u00e7ar, i no retrocedir, en drets.<\/p>\n<p>Pel que fa a l&#8217;\u00e0mbit de l&#8217;acci\u00f3 sindical l anegociaci\u00f3 col\u00b7lectiva <b>CCOO <\/b>celebra l&#8217;aprovaci\u00f3 del reglament que desenvolupa l&#8217;article 15 de la Llei LGTBI-Trans i compromet el seu actiu sindical en la negociaci\u00f3 de mesures planificades que promoguen la diversitat en les empreses i protegisquen totes les persones. Incloent-hi els protocols davant de l&#8217;assetjament LGTBI+f\u00f2bic.<\/p>\n<p>Organitzar-nos requereix formaci\u00f3, per aix\u00f2 el sindicat posa a disposici\u00f3 totes les eines per a fer front a les situacions d&#8217;assetjament, orientar a les persones del col\u00b7lectiu i per a fer una negociaci\u00f3 col\u00b7lectiva que permeta una viv\u00e8ncia plena en l&#8217;\u00e0mbit laboral a totes les persones independentment de la seua orientaci\u00f3 o identitat sexual o de la seua expressi\u00f3 de g\u00e8nere.<\/p>\n<p>Perqu\u00e8 la lluita pels drets LGTBI+ \u00e9s una lluita material i les <b>CCOO <\/b>tenim clar que \u00e9s fonamental donar la batalla en els centres de treball. Perqu\u00e8 ens juguem unes condicions de vida dignes per a totes les persones.<\/p>\n<p><b><br \/>\nMobilitzacions Dia de l&#8217;Orgull LGTBI+ al Pa\u00eds Valenci\u00e0<\/b><\/p>\n<p><i>&#8211; Val\u00e8ncia. 28 de juny. 19.30 hores. Manifestaci\u00f3 des del Pont de l&#8217;Exposici\u00f3.<\/i><\/p>\n<p>&#8211; Castell\u00f3. 28 de juny. 12.00 hores. Concentraci\u00f3 i lectura del manifest a la seu de CCOO (Pla\u00e7a de les Aules, 6).<\/p>\n<p>&#8211; Elx. 28 de juny. 20.00 hores. Concentraci\u00f3 Pla\u00e7a de Baix.<\/p>\n<p>&#8211; Alcoi. 28 de juny. 19.00 hores. Concentraci\u00f3 Pla\u00e7a de l&#8217;Ajuntament.<\/p>\n<p>&#8211; X\u00e0tiva. 29 de juny. 20.00 hores. Manifestaci\u00f3 des de la Casa de les Dones fins a l&#8217;Ajuntament.<\/p>\n<p>&#8211; La Pobla de Vallbona. 19.00 hores. Concentraci\u00f3 Pla\u00e7a Vicente Alba.<\/p>\n<p>.<\/p>\n<div><a title=\"https:\/\/www.pv.ccoo.es\/noticia:697143--CCOO_PV_crida_a_celebrar_el_28J_i_reivindica_%E2%80%98Educacio_per_a_viure_Organitzacio_per_a_lluitar%E2%80%99&amp;opc_id=60f9b4a55079b125782b5ffa075824dd\" href=\"https:\/\/www.pv.ccoo.es\/noticia:697143--CCOO_PV_crida_a_celebrar_el_28J_i_reivindica_%E2%80%98Educacio_per_a_viure_Organitzacio_per_a_lluitar%E2%80%99&amp;opc_id=60f9b4a55079b125782b5ffa075824dd\" target=\"_blank\" rel=\"noopener\"><img fetchpriority=\"high\" decoding=\"async\" class=\"aligncenter\" title=\"ccoo\" src=\"https:\/\/www.pv.ccoo.es\/ad572c25777b3444257f245d4ac2079c000053.png\" alt=\"ccoo\" width=\"1200\" height=\"1200\" longdesc=\"https:\/\/www.pv.ccoo.es\/ad572c25777b3444257f245d4ac2079c000053.png\" \/><\/a><\/div>\n<p>.<\/p>\n<p><b><a title=\"https:\/\/feccoo-madrid.org\/noticia:697741--Educacion_para_vivir_Organizacion_para_luchar_#OrganizaTuOrgullo&amp;opc_id=edffcee559d66d0f392e47a3be3cfafd\" href=\"https:\/\/feccoo-madrid.org\/noticia:697741--Educacion_para_vivir_Organizacion_para_luchar_#OrganizaTuOrgullo&amp;opc_id=edffcee559d66d0f392e47a3be3cfafd\" target=\"_blank\" rel=\"noopener\">CCOO PV llamamiento a celebrar el 28J y reivindica \u2018Educaci\u00f3n para vivir. Organizaci\u00f3n para luchar\u2019<\/a><\/b><\/p>\n<p>El sindicato anima a participar de forma conjunta con la pancarta de CCOO PV en las movilizaciones del <b><a title=\"https:\/\/www.pv.ccoo.es\/noticia:697143--CCOO_PV_crida_a_celebrar_el_28J_i_reivindica_%E2%80%98Educacio_per_a_viure_Organitzacio_per_a_lluitar%E2%80%99&amp;opc_id=60f9b4a55079b125782b5ffa075824dd\" href=\"https:\/\/www.pv.ccoo.es\/noticia:697143--CCOO_PV_crida_a_celebrar_el_28J_i_reivindica_%E2%80%98Educacio_per_a_viure_Organitzacio_per_a_lluitar%E2%80%99&amp;opc_id=60f9b4a55079b125782b5ffa075824dd\" target=\"_blank\" rel=\"noopener\">D\u00eda Internacional del Orgullo LGTBI+ al Pa\u00eds Valenciano<\/a>.<\/b><br \/>\nUna conmemoraci\u00f3n que contin\u00faa siendo muy necesaria para visibilizar las discriminaciones persistentes y para defender sus derechos.<\/p>\n<p>Las discriminaciones, los ataques y los discursos de odio contin\u00faan siendo una realidad tristemente cotidiana para lesbianas, gays, trans, bisexuales e intersexuales. Por eso, la conmemoraci\u00f3n del 28J, contin\u00faa siendo tan necesaria para visibilizar las discriminaciones persistentes y para defender sus derechos.<\/p>\n<p>Para continuar avanzando es necesario organizarse, porque sin organizaci\u00f3n sindical no podremos erradicar la precariedad y la falta de derechos que sufren las personas del colectivo y tampoco podremos continuar progresando. En CCOO apostamos para profundizar en la educaci\u00f3n, porque sin esta, no podremos fomentar una sociedad que cuide la convivencia ante el odio.<\/p>\n<p>Hay que frenar los discursos LGTBI+f\u00f3bicos que fomenta la extrema derecha, para combatirlos con m\u00e1s pedagog\u00eda, con m\u00e1s educaci\u00f3n.<\/p>\n<p>Educaci\u00f3n y organizaci\u00f3n para avanzar, y no retroceder, en derechos.<\/p>\n<p>En lo referente al \u00e1mbito de la acci\u00f3n sindical la negociaci\u00f3n colectiva <b>CCOO <\/b>celebra la aprobaci\u00f3n del reglamento que desarrolla el art\u00edculo 15 de la Ley LGTBI-Trans y compromete su activo sindical en la negociaci\u00f3n de medidas planificadas que promuevan la diversidad en las empresas y protejan todas las personas. Incluyendo los protocolos ante el acoso LGTBI+f\u00f3bico.<\/p>\n<p>Organizarnos requiere formaci\u00f3n, por eso el sindicato pone a disposici\u00f3n todas las herramientas para hacer frente a las situaciones de acoso, orientar a las personas del colectivo y para hacer una negociaci\u00f3n colectiva que permita una vivencia plena en el \u00e1mbito laboral a todas las personas independientemente de su orientaci\u00f3n o identidad sexual o de su expresi\u00f3n de g\u00e9nero.<\/p>\n<p>Porque la lucha por los derechos LGTBI+ es una lucha material y las <b>CCOO <\/b>tenemos claro que es fundamental dar la batalla en los centros de trabajo. Porque nos jugamos unas condiciones de vida dignas para todas las personas.<\/p>\n<p><b>Movilizaciones D\u00eda del Orgullo LGTBI+ al Pa\u00eds Valenciano<br \/>\n<\/b><br \/>\n<i>&#8211; Val\u00e8ncia. 28 de juny. 19.30 hores. Manifestaci\u00f3 des del Pont de l&#8217;Exposici\u00f3.<\/i><\/p>\n<p>&#8211; Castell\u00f3. 28 de juny. 12.00 hores. Concentraci\u00f3 i lectura del manifest a la seu de CCOO (Pla\u00e7a de les Aules, 6).<\/p>\n<p>&#8211; Elx. 28 de juny. 20.00 hores. Concentraci\u00f3 Pla\u00e7a de Baix.<\/p>\n<p>&#8211; Alcoi. 28 de juny. 19.00 hores. Concentraci\u00f3 Pla\u00e7a de l&#8217;Ajuntament.<\/p>\n<p>&#8211; X\u00e0tiva. 29 de juny. 20.00 hores. Manifestaci\u00f3 des de la Casa de les Dones fins a l&#8217;Ajuntament.<\/p>\n<p>&#8211; La Pobla de Vallbona. 19.00 hores. Concentraci\u00f3 Pla\u00e7a Vicente Alba.<\/p>\n<p>.<\/p>\n<p><b>Recursos<\/b><\/p>\n<p><a title=\"https:\/\/www.pv.ccoo.es\/1e8ae1bca05e019b1f94a1a7c64b2d4c000001.pdf\" href=\"https:\/\/www.pv.ccoo.es\/1e8ae1bca05e019b1f94a1a7c64b2d4c000001.pdf\" target=\"_blank\" rel=\"noopener\">Com ser jove LGTBI+ i no morir en l&#8217;intent. <\/a><\/p>\n<p>Diagn\u00f2stic dels principals problemes amb qu\u00e8 es troben en l&#8217;ocupaci\u00f3, en l&#8217;educaci\u00f3, en l&#8217;acc\u00e9s a l&#8217;habitatge (o en casos extrems el sensellarisme), la salut i la salut mental, l\u2019LGTBI+f\u00f2bia i el sexili.<\/p>\n<p><a title=\"https:\/\/www.ccoo.es\/72578ce002ccafcc9e4e26db25894876000001.pdf\" href=\"https:\/\/www.ccoo.es\/72578ce002ccafcc9e4e26db25894876000001.pdf\" target=\"_blank\" rel=\"noopener\">La LGTBIfobia desde la prevenci\u00f3n de riesgos laborales (octubre de 2023),<\/a><\/p>\n<p><a title=\"https:\/\/www.ccoo.es\/1c3958c2431f403bf418852fba3f2848000001.pdf\" href=\"https:\/\/www.ccoo.es\/1c3958c2431f403bf418852fba3f2848000001.pdf\" target=\"_blank\" rel=\"noopener\">Gu\u00eda de Actuaci\u00f3n frente a la LGTBIfobia en el \u00e1mbito laboral (maig de 2023)<\/a><\/p>\n<p><a title=\"https:\/\/www.ccoo.es\/f88dd8d800482702dae2da4ee09c9831000001.pdf\" href=\"https:\/\/www.ccoo.es\/f88dd8d800482702dae2da4ee09c9831000001.pdf\" target=\"_blank\" rel=\"noopener\">Igualdad y diversidad en los convenios colectivos (juny de 2022).<\/a><\/p>\n<p><a title=\"https:\/\/www.pv.ccoo.es\/c46ad5ddf948e0c80e232f530b50133c000053.pdf\" href=\"https:\/\/www.pv.ccoo.es\/c46ad5ddf948e0c80e232f530b50133c000053.pdf\" target=\"_blank\" rel=\"noopener\">Manifest CCOO_Organitza el teu Orgull 2024<\/a><\/p>\n<p><a title=\"https:\/\/feccoo-madrid.org\/1950473245a0219ad1fbde29ab2de555000063.pdf\" href=\"https:\/\/feccoo-madrid.org\/1950473245a0219ad1fbde29ab2de555000063.pdf\" target=\"_blank\" rel=\"noopener\">Manifiesto CCOO_Organiza tu Orgullo 2024<\/a><\/p>\n<p><a title=\"https:\/\/feccoo-madrid.org\/1e8ae1bca05e019b1f94a1a7c64b2d4c000063.pdf\" href=\"https:\/\/feccoo-madrid.org\/1e8ae1bca05e019b1f94a1a7c64b2d4c000063.pdf\" target=\"_blank\" rel=\"noopener\"><br \/>\nComo ser joven LGTBI+ y no morir en el intento<\/a><\/p>\n<p>.<\/p>\n<p><a title=\"http:\/\/www.pv.ccoo.es\/Serveis_a_l%C2%B4afiliacio\/Assessorament\" href=\"http:\/\/www.pv.ccoo.es\/Serveis_a_l%C2%B4afiliacio\/Assessorament\" target=\"_blank\" rel=\"noopener\">Atenci\u00f3 a l\u00b4afiliaci\u00f3<\/a><\/td>\n<\/tr>\n<tr>\n<td width=\"auto\"><\/td>\n<\/tr>\n<tr>\n<td width=\"auto\"><\/td>\n<\/tr>\n<tr>\n<td width=\"auto\"><\/td>\n<\/tr>\n<tr>\n<td width=\"auto\"><\/td>\n<\/tr>\n<tr>\n<td><\/td>\n<\/tr>\n<tr>\n<td><\/td>\n<\/tr>\n<tr>\n<td align=\"center\" width=\"100%\">\n<table border=\"0\" cellspacing=\"5\" cellpadding=\"0\">\n<tbody>\n<tr>\n<td><\/td>\n<td width=\"00\"><\/td>\n<td><\/td>\n<td><\/td>\n<td width=\"00\"><\/td>\n<td><\/td>\n<td width=\"5%\"><\/td>\n<td><\/td>\n<td><\/td>\n<td><\/td>\n<\/tr>\n<\/tbody>\n<\/table>\n<\/td>\n<\/tr>\n<tr>\n<td><\/td>\n<\/tr>\n<tr>\n<td align=\"center\" width=\"100%\">\n<table border=\"0\" cellspacing=\"0\" cellpadding=\"0\">\n<tbody>\n<tr>\n<td width=\"70\"><\/td>\n<td><\/td>\n<\/tr>\n<\/tbody>\n<\/table>\n<\/td>\n<\/tr>\n<\/tbody>\n<\/table>\n<p>&nbsp;<\/p>\n","protected":false},"excerpt":{"rendered":"<p>CCOO PV crida a celebrar el 28J i reivindica \u2018Educaci\u00f3 per a viure. Organitzaci\u00f3 per a lluitar\u2019El sindicat anima a [&hellip;]<\/p>\n","protected":false},"author":5,"featured_media":4938,"parent":0,"menu_order":0,"comment_status":"closed","ping_status":"closed","template":"","meta":{"site-sidebar-layout":"default","site-content-layout":"","ast-site-content-layout":"default","site-content-style":"default","site-sidebar-style":"default","ast-global-header-display":"","ast-banner-title-visibility":"","ast-main-header-display":"","ast-hfb-above-header-display":"","ast-hfb-below-header-display":"","ast-hfb-mobile-header-display":"","site-post-title":"","ast-breadcrumbs-content":"","ast-featured-img":"","footer-sml-layout":"","theme-transparent-header-meta":"default","adv-header-id-meta":"","stick-header-meta":"","header-above-stick-meta":"","header-main-stick-meta":"","header-below-stick-meta":"","astra-migrate-meta-layouts":"set","ast-page-background-enabled":"default","ast-page-background-meta":{"desktop":{"background-color":"var(--ast-global-color-5)","background-image":"","background-repeat":"repeat","background-position":"center center","background-size":"auto","background-attachment":"scroll","background-type":"","background-media":"","overlay-type":"","overlay-color":"","overlay-opacity":"","overlay-gradient":""},"tablet":{"background-color":"","background-image":"","background-repeat":"repeat","background-position":"center center","background-size":"auto","background-attachment":"scroll","background-type":"","background-media":"","overlay-type":"","overlay-color":"","overlay-opacity":"","overlay-gradient":""},"mobile":{"background-color":"","background-image":"","background-repeat":"repeat","background-position":"center center","background-size":"auto","background-attachment":"scroll","background-type":"","background-media":"","overlay-type":"","overlay-color":"","overlay-opacity":"","overlay-gradient":""}},"ast-content-background-meta":{"desktop":{"background-color":"var(--ast-global-color-4)","background-image":"","background-repeat":"repeat","background-position":"center center","background-size":"auto","background-attachment":"scroll","background-type":"","background-media":"","overlay-type":"","overlay-color":"","overlay-opacity":"","overlay-gradient":""},"tablet":{"background-color":"var(--ast-global-color-4)","background-image":"","background-repeat":"repeat","background-position":"center center","background-size":"auto","background-attachment":"scroll","background-type":"","background-media":"","overlay-type":"","overlay-color":"","overlay-opacity":"","overlay-gradient":""},"mobile":{"background-color":"var(--ast-global-color-4)","background-image":"","background-repeat":"repeat","background-position":"center center","background-size":"auto","background-attachment":"scroll","background-type":"","background-media":"","overlay-type":"","overlay-color":"","overlay-opacity":"","overlay-gradient":""}},"footnotes":""},"class_list":["post-4932","page","type-page","status-publish","has-post-thumbnail","hentry"],"rttpg_featured_image_url":{"full":["https:\/\/ccoo2-upv.webs.upv.es\/wp-content\/uploads\/2024\/06\/2024-06-28_organiza-tu-orgullo-02.jpg",1200,1200,false],"landscape":["https:\/\/ccoo2-upv.webs.upv.es\/wp-content\/uploads\/2024\/06\/2024-06-28_organiza-tu-orgullo-02.jpg",1200,1200,false],"portraits":["https:\/\/ccoo2-upv.webs.upv.es\/wp-content\/uploads\/2024\/06\/2024-06-28_organiza-tu-orgullo-02.jpg",1200,1200,false],"thumbnail":["https:\/\/ccoo2-upv.webs.upv.es\/wp-content\/uploads\/2024\/06\/2024-06-28_organiza-tu-orgullo-02-150x150.jpg",150,150,true],"medium":["https:\/\/ccoo2-upv.webs.upv.es\/wp-content\/uploads\/2024\/06\/2024-06-28_organiza-tu-orgullo-02-300x300.jpg",300,300,true],"large":["https:\/\/ccoo2-upv.webs.upv.es\/wp-content\/uploads\/2024\/06\/2024-06-28_organiza-tu-orgullo-02-1024x1024.jpg",1024,1024,true],"1536x1536":["https:\/\/ccoo2-upv.webs.upv.es\/wp-content\/uploads\/2024\/06\/2024-06-28_organiza-tu-orgullo-02.jpg",1200,1200,false],"2048x2048":["https:\/\/ccoo2-upv.webs.upv.es\/wp-content\/uploads\/2024\/06\/2024-06-28_organiza-tu-orgullo-02.jpg",1200,1200,false]},"rttpg_author":{"display_name":"Alonso Perez","author_link":"https:\/\/ccoo2-upv.webs.upv.es\/?author=5"},"rttpg_comment":0,"rttpg_category":null,"rttpg_excerpt":"CCOO PV crida a celebrar el 28J i reivindica \u2018Educaci\u00f3 per a viure. Organitzaci\u00f3 per a lluitar\u2019El sindicat anima a [&hellip;]","_links":{"self":[{"href":"https:\/\/ccoo2-upv.webs.upv.es\/index.php?rest_route=\/wp\/v2\/pages\/4932","targetHints":{"allow":["GET"]}}],"collection":[{"href":"https:\/\/ccoo2-upv.webs.upv.es\/index.php?rest_route=\/wp\/v2\/pages"}],"about":[{"href":"https:\/\/ccoo2-upv.webs.upv.es\/index.php?rest_route=\/wp\/v2\/types\/page"}],"author":[{"embeddable":true,"href":"https:\/\/ccoo2-upv.webs.upv.es\/index.php?rest_route=\/wp\/v2\/users\/5"}],"replies":[{"embeddable":true,"href":"https:\/\/ccoo2-upv.webs.upv.es\/index.php?rest_route=%2Fwp%2Fv2%2Fcomments&post=4932"}],"version-history":[{"count":0,"href":"https:\/\/ccoo2-upv.webs.upv.es\/index.php?rest_route=\/wp\/v2\/pages\/4932\/revisions"}],"wp:featuredmedia":[{"embeddable":true,"href":"https:\/\/ccoo2-upv.webs.upv.es\/index.php?rest_route=\/wp\/v2\/media\/4938"}],"wp:attachment":[{"href":"https:\/\/ccoo2-upv.webs.upv.es\/index.php?rest_route=%2Fwp%2Fv2%2Fmedia&parent=4932"}],"curies":[{"name":"wp","href":"https:\/\/api.w.org\/{rel}","templated":true}]}}