{"id":5369,"date":"2025-08-28T16:50:55","date_gmt":"2025-08-28T14:50:55","guid":{"rendered":"https:\/\/ccoo2-upv.webs.upv.es\/?page_id=5369"},"modified":"2025-08-28T16:50:55","modified_gmt":"2025-08-28T14:50:55","slug":"apren-a-analitzar-els-teus-contractes-de-treball","status":"publish","type":"page","link":"https:\/\/ccoo2-upv.webs.upv.es\/?page_id=5369","title":{"rendered":"Apr\u00e8n a analitzar els teus contractes de treball"},"content":{"rendered":"\n<p>Enlace web CCOO PV:<\/p>\n\n\n\n<p><a href=\"https:\/\/www.pv.ccoo.es\/noticia:728072\u2013Aprende_a_analizar_tus_contratos_de_trabajo_en_la_UPV\">https:\/\/www.pv.ccoo.es\/noticia:728072\u2013Aprende_a_analizar_tus_contratos_de_trabajo_en_la_UPV<\/a><\/p>\n\n\n\n<p><strong>CCOO<\/strong>&nbsp;Ind\u00fastria PV, conjuntament amb la Secci\u00f3 Sindical de&nbsp;<strong>CCOO<\/strong>&nbsp;en la UPV, i la federaci\u00f3 de Educaci\u00f3 de&nbsp;<strong>CCOO<\/strong>&nbsp;PV,&nbsp;<strong>organitzen el taller pr\u00e0ctic \u2018An\u00e0lisi dels contractes de treball\u2019<\/strong>, dirigit a l\u2019alumnat i personal d\u2019investigaci\u00f3 de la Universitat Polit\u00e8cnica de Val\u00e8ncia.<\/p>\n\n\n\n<p>Un espai formatiu per a aprendre a interpretar un contracte de treball i aix\u00ed adquirir eines per a millorar les condicions laborals des del primer dia.<\/p>\n\n\n\n<p><strong>El taller \u00e9s gratu\u00eft i tindr\u00e0 lloc el pr\u00f2xim 19 de juny, a les 12.30 h, en els locals sindicals de l\u2019edifici 4G Planta Baixa, Escola de Camins en la UPV.<\/strong><\/p>\n\n\n\n<figure class=\"wp-block-image aligncenter\"><img fetchpriority=\"high\" decoding=\"async\" width=\"724\" height=\"1024\" src=\"https:\/\/ccoo.upv.es\/wp-content\/uploads\/2025\/06\/imagen-industria-CCOO-724x1024.jpeg\" alt=\"\" class=\"wp-image-5274\" srcset=\"https:\/\/ccoo2-upv.webs.upv.es\/wp-content\/uploads\/2025\/06\/imagen-industria-CCOO-724x1024.jpeg 724w, https:\/\/ccoo2-upv.webs.upv.es\/wp-content\/uploads\/2025\/06\/imagen-industria-CCOO-212x300.jpeg 212w, https:\/\/ccoo2-upv.webs.upv.es\/wp-content\/uploads\/2025\/06\/imagen-industria-CCOO-768x1086.jpeg 768w, https:\/\/ccoo2-upv.webs.upv.es\/wp-content\/uploads\/2025\/06\/imagen-industria-CCOO-1086x1536.jpeg 1086w, https:\/\/ccoo2-upv.webs.upv.es\/wp-content\/uploads\/2025\/06\/imagen-industria-CCOO.jpeg 1200w\" sizes=\"(max-width: 724px) 100vw, 724px\" \/><\/figure>\n\n\n\n<p><strong>CCOO<\/strong>&nbsp;Industria PV, conjuntamente con la Secci\u00f3n Sindical de&nbsp;<strong>CCOO<\/strong>&nbsp;en la UPV, y la federaci\u00f3n de Educaci\u00f3 de&nbsp;<strong>CCOO<\/strong>&nbsp;PV,&nbsp;<strong>organizan el taller pr\u00e1ctico \u2018An\u00e1lisis de los contratos de trabajo\u2019<\/strong>, dirigido al alumnado y personal de investigaci\u00f3n de la Universitat Polit\u00e9cnica de Valencia.<\/p>\n\n\n\n<p>Un espacio formativo para aprender a interpretar un contrato de trabajo y as\u00ed adquirir herramientas para mejorar las condiciones laborales desde el primer d\u00eda.<\/p>\n\n\n\n<p><strong>El taller es gratuito y tendr\u00e1 lugar el pr\u00f3ximo 19 de junio, a las 12:30 h, en los locales sindicales del edificio 4G Planta Baja, Escuela de Caminos en la UPV.<\/strong><\/p>\n","protected":false},"excerpt":{"rendered":"<p>Enlace web CCOO PV: https:\/\/www.pv.ccoo.es\/noticia:728072\u2013Aprende_a_analizar_tus_contratos_de_trabajo_en_la_UPV CCOO&nbsp;Ind\u00fastria PV, conjuntament amb la Secci\u00f3 Sindical de&nbsp;CCOO&nbsp;en la UPV, i la federaci\u00f3 de Educaci\u00f3 [&hellip;]<\/p>\n","protected":false},"author":2,"featured_media":0,"parent":0,"menu_order":0,"comment_status":"closed","ping_status":"closed","template":"","meta":{"site-sidebar-layout":"default","site-content-layout":"","ast-site-content-layout":"default","site-content-style":"default","site-sidebar-style":"default","ast-global-header-display":"","ast-banner-title-visibility":"","ast-main-header-display":"","ast-hfb-above-header-display":"","ast-hfb-below-header-display":"","ast-hfb-mobile-header-display":"","site-post-title":"","ast-breadcrumbs-content":"","ast-featured-img":"","footer-sml-layout":"","theme-transparent-header-meta":"","adv-header-id-meta":"","stick-header-meta":"","header-above-stick-meta":"","header-main-stick-meta":"","header-below-stick-meta":"","astra-migrate-meta-layouts":"default","ast-page-background-enabled":"default","ast-page-background-meta":{"desktop":{"background-color":"var(--ast-global-color-5)","background-image":"","background-repeat":"repeat","background-position":"center center","background-size":"auto","background-attachment":"scroll","background-type":"","background-media":"","overlay-type":"","overlay-color":"","overlay-opacity":"","overlay-gradient":""},"tablet":{"background-color":"","background-image":"","background-repeat":"repeat","background-position":"center center","background-size":"auto","background-attachment":"scroll","background-type":"","background-media":"","overlay-type":"","overlay-color":"","overlay-opacity":"","overlay-gradient":""},"mobile":{"background-color":"","background-image":"","background-repeat":"repeat","background-position":"center center","background-size":"auto","background-attachment":"scroll","background-type":"","background-media":"","overlay-type":"","overlay-color":"","overlay-opacity":"","overlay-gradient":""}},"ast-content-background-meta":{"desktop":{"background-color":"var(--ast-global-color-4)","background-image":"","background-repeat":"repeat","background-position":"center center","background-size":"auto","background-attachment":"scroll","background-type":"","background-media":"","overlay-type":"","overlay-color":"","overlay-opacity":"","overlay-gradient":""},"tablet":{"background-color":"var(--ast-global-color-4)","background-image":"","background-repeat":"repeat","background-position":"center center","background-size":"auto","background-attachment":"scroll","background-type":"","background-media":"","overlay-type":"","overlay-color":"","overlay-opacity":"","overlay-gradient":""},"mobile":{"background-color":"var(--ast-global-color-4)","background-image":"","background-repeat":"repeat","background-position":"center center","background-size":"auto","background-attachment":"scroll","background-type":"","background-media":"","overlay-type":"","overlay-color":"","overlay-opacity":"","overlay-gradient":""}},"footnotes":""},"class_list":["post-5369","page","type-page","status-publish","hentry"],"rttpg_featured_image_url":null,"rttpg_author":{"display_name":"jose marin","author_link":"https:\/\/ccoo2-upv.webs.upv.es\/?author=2"},"rttpg_comment":0,"rttpg_category":null,"rttpg_excerpt":"Enlace web CCOO PV: https:\/\/www.pv.ccoo.es\/noticia:728072\u2013Aprende_a_analizar_tus_contratos_de_trabajo_en_la_UPV CCOO&nbsp;Ind\u00fastria PV, conjuntament amb la Secci\u00f3 Sindical de&nbsp;CCOO&nbsp;en la UPV, i la federaci\u00f3 de Educaci\u00f3 [&hellip;]","_links":{"self":[{"href":"https:\/\/ccoo2-upv.webs.upv.es\/index.php?rest_route=\/wp\/v2\/pages\/5369","targetHints":{"allow":["GET"]}}],"collection":[{"href":"https:\/\/ccoo2-upv.webs.upv.es\/index.php?rest_route=\/wp\/v2\/pages"}],"about":[{"href":"https:\/\/ccoo2-upv.webs.upv.es\/index.php?rest_route=\/wp\/v2\/types\/page"}],"author":[{"embeddable":true,"href":"https:\/\/ccoo2-upv.webs.upv.es\/index.php?rest_route=\/wp\/v2\/users\/2"}],"replies":[{"embeddable":true,"href":"https:\/\/ccoo2-upv.webs.upv.es\/index.php?rest_route=%2Fwp%2Fv2%2Fcomments&post=5369"}],"version-history":[{"count":1,"href":"https:\/\/ccoo2-upv.webs.upv.es\/index.php?rest_route=\/wp\/v2\/pages\/5369\/revisions"}],"predecessor-version":[{"id":5370,"href":"https:\/\/ccoo2-upv.webs.upv.es\/index.php?rest_route=\/wp\/v2\/pages\/5369\/revisions\/5370"}],"wp:attachment":[{"href":"https:\/\/ccoo2-upv.webs.upv.es\/index.php?rest_route=%2Fwp%2Fv2%2Fmedia&parent=5369"}],"curies":[{"name":"wp","href":"https:\/\/api.w.org\/{rel}","templated":true}]}}