{"id":5467,"date":"2025-09-03T13:26:26","date_gmt":"2025-09-03T11:26:26","guid":{"rendered":"https:\/\/ccoo2-upv.webs.upv.es\/?page_id=5467"},"modified":"2025-09-15T10:00:53","modified_gmt":"2025-09-15T08:00:53","slug":"afiliate-10-razones","status":"publish","type":"page","link":"https:\/\/ccoo2-upv.webs.upv.es\/?page_id=5467","title":{"rendered":"AFILIATE + 10 RAZONES"},"content":{"rendered":"\n<ul class=\"wp-block-list\">\n<li>Para afiliarte puedes rellenar la\u00a0<a href=\"https:\/\/ccoo.upv.es\/wp-content\/uploads\/2022\/10\/2019-Ficha-Afiliacio-CCOO-UPV.pdf\" target=\"_blank\" rel=\"noreferrer noopener\">Fitxa d\u2019afiliaci\u00f3\u00a0<\/a>y entregarla en nuestra secci\u00f3n sindical.<\/li>\n\n\n\n<li>O puedes rellenar la\u00a0<a href=\"https:\/\/afiliate.ccoo.es\/sol_afi_web\/coco.php?E:sol_afi_web\/proteccion_datos.php\" target=\"_blank\" rel=\"noreferrer noopener\">Afiliaci\u00f3n en la WEB de CC.OO.<\/a><\/li>\n<\/ul>\n\n\n\n<p>Posiblemente, tras navegar por las p\u00e1ginas de CC.OO., no sea necesario decir:<\/p>\n\n\n\n<ul class=\"wp-block-list\">\n<li>qu\u00e9 es el Sindicato, qu\u00e9 representa y qu\u00e9 hace<\/li>\n\n\n\n<li>que su independencia de cualquier poder pol\u00edtico y econ\u00f3mico le permite plantear y negociar cont\u00ednuas mejoras para los trabajadores, sin admitir injerencias externas,<\/li>\n\n\n\n<li>que su cultura y estatutos, lo convierten en una de las organizaciones m\u00e1s participativas y plurales del movimiento sindical internacional,<\/li>\n\n\n\n<li>que dispone de sedes y locales en la mayor\u00eda de las ciudades del pa\u00eds,<\/li>\n\n\n\n<li>que sus servicios t\u00e9cnicos y jur\u00eddicos, cuentan con los mejores profesionales,<\/li>\n\n\n\n<li>que dispone de servicios espec\u00edficos para asesorar a parados y j\u00f3venes en busca de un primer empleo,<\/li>\n\n\n\n<li>que ha creado una extensa red de oficinas para facilitar la integraci\u00f3n a los trabajadores inmigrantes,<\/li>\n<\/ul>\n\n\n\n<p>\u2026ni tampoco insistir en\u2026<\/p>\n\n\n\n<ul class=\"wp-block-list\">\n<li>que, a trav\u00e9s de sus Fundaciones, realiza importantes labores de investigaci\u00f3n sobre el mundo del trabajo y de cooperaci\u00f3n internacional,<\/li>\n\n\n\n<li>que la calidad de los cursos y la transparencia de la gesti\u00f3n, son caracter\u00edsticas reconocidas a su Fundaci\u00f3n para la Formaci\u00f3n y el Empleo (FOREM),<\/li>\n\n\n\n<li>que mantiene convenios con universidades para la realizaci\u00f3n de cursos, seminarios y masters,<\/li>\n\n\n\n<li>que sus cooperativas de viviendas se han convertido en las primeras promotoras de viviendas sociales del pa\u00eds,<\/li>\n\n\n\n<li>que est\u00e1 constantemente mejorando la oferta de ocio y turismo social para sus afiliados y afiliadas,<\/li>\n\n\n\n<li>que la compa\u00f1\u00eda aseguradora que coparticipa, con socios de primera fila en la econom\u00eda social italiana y francesa, oferta seguros en condiciones de calidad y precio que responden a altos niveles de exigencia,<\/li>\n\n\n\n<li>que dispone de una multitud de publicaciones sectoriales y territoriales peri\u00f3dicas, y otras muchas especializadas,<\/li>\n\n\n\n<li>que es miembro destacado de la Confederaci\u00f3n Europea de Sindicatos (CES) y de la Internacional de Organizaciones Sindicales Libres (CIOSL),<\/li>\n\n\n\n<li>que los j\u00f3venes y otros colectivos de trabajadores aut\u00f3nomos, mujeres, jubilados y pensionistas, encuentran en Comisiones espacios espec\u00edficos para participar y decidir sobre cuestiones que les son propias.<\/li>\n<\/ul>\n\n\n\n<p>Posiblemente, nos hemos excedido en la explicaci\u00f3n. Depender\u00e1 de nosotros ser m\u00e1s breves en el futuro\u2026<br>\u2026pero que este Sindicato sea cada vez m\u00e1s fuerte y m\u00e1s eficaz, depende de quienes forman parte de \u00e9l.<\/p>\n\n\n\n<p>Si as\u00ed lo crees, \u00abpincha\u00bb los enlaces de las fichas de afiliaci\u00f3n.<br>mandanos tus datos y tus dudas.<br>As\u00ed de f\u00e1cil. \u00a1DEC\u00cdDETE!<\/p>\n\n\n\n<p><a href=\"https:\/\/ccoo.upv.es\/wp-content\/uploads\/2023\/10\/Fitxa-Afiliacio-2021-Setembre.pdf\" target=\"_blank\" rel=\"noreferrer noopener\">Fitxa d\u2019afiliaci\u00f3 en valenci\u00e0<\/a><\/p>\n\n\n\n<p><a href=\"https:\/\/ccoo.upv.es\/documentos\/afiliacion\/afvalen.doc\" target=\"_blank\" rel=\"noreferrer noopener\">Ficha de afiliaci\u00f3n Valenciano (anterior)<\/a><\/p>\n\n\n\n<p><a href=\"https:\/\/ccoo.upv.es\/documentos\/Afiliacion\/afcaste.doc\">Ficha de afiliaci\u00f3n Castellano (anterior)<\/a><\/p>\n\n\n\n<p><a href=\"https:\/\/afiliate.ccoo.es\/sol_afi_web\/coco.php?E:sol_afi_web\/proteccion_datos.php\" target=\"_blank\" rel=\"noreferrer noopener\">Afiliaci\u00f3n en la WEB de CC.OO.<\/a>Para afiliarte puedes rellenar la\u00a0<a href=\"https:\/\/ccoo.upv.es\/wp-content\/uploads\/2022\/10\/2019-Ficha-Afiliacio-CCOO-UPV.pdf\" target=\"_blank\" rel=\"noreferrer noopener\">Fitxa d\u2019afiliaci\u00f3\u00a0<\/a>y entregarla en nuestra secci\u00f3n sindical.<\/p>\n\n\n\n<p>O puedes rellenar la\u00a0<a href=\"https:\/\/afiliate.ccoo.es\/sol_afi_web\/coco.php?E:sol_afi_web\/proteccion_datos.php\" target=\"_blank\" rel=\"noreferrer noopener\">Afiliaci\u00f3n en la WEB de CC.OO.<\/a><\/p>\n\n\n\n<p>Posiblemente, tras navegar por las p\u00e1ginas de CC.OO., no sea necesario decir:<\/p>\n\n\n\n<ul class=\"wp-block-list\">\n<li>qu\u00e9 es el Sindicato, qu\u00e9 representa y qu\u00e9 hace<\/li>\n\n\n\n<li>que su independencia de cualquier poder pol\u00edtico y econ\u00f3mico le permite plantear y negociar cont\u00ednuas mejoras para los trabajadores, sin admitir injerencias externas,<\/li>\n\n\n\n<li>que su cultura y estatutos, lo convierten en una de las organizaciones m\u00e1s participativas y plurales del movimiento sindical internacional,<\/li>\n\n\n\n<li>que dispone de sedes y locales en la mayor\u00eda de las ciudades del pa\u00eds,<\/li>\n\n\n\n<li>que sus servicios t\u00e9cnicos y jur\u00eddicos, cuentan con los mejores profesionales,<\/li>\n\n\n\n<li>que dispone de servicios espec\u00edficos para asesorar a parados y j\u00f3venes en busca de un primer empleo,<\/li>\n\n\n\n<li>que ha creado una extensa red de oficinas para facilitar la integraci\u00f3n a los trabajadores inmigrantes,<\/li>\n<\/ul>\n\n\n\n<p>\u2026ni tampoco insistir en\u2026<\/p>\n\n\n\n<ul class=\"wp-block-list\">\n<li>que, a trav\u00e9s de sus Fundaciones, realiza importantes labores de investigaci\u00f3n sobre el mundo del trabajo y de cooperaci\u00f3n internacional,<\/li>\n\n\n\n<li>que la calidad de los cursos y la transparencia de la gesti\u00f3n, son caracter\u00edsticas reconocidas a su Fundaci\u00f3n para la Formaci\u00f3n y el Empleo (FOREM),<\/li>\n\n\n\n<li>que mantiene convenios con universidades para la realizaci\u00f3n de cursos, seminarios y masters,<\/li>\n\n\n\n<li>que sus cooperativas de viviendas se han convertido en las primeras promotoras de viviendas sociales del pa\u00eds,<\/li>\n\n\n\n<li>que est\u00e1 constantemente mejorando la oferta de ocio y turismo social para sus afiliados y afiliadas,<\/li>\n\n\n\n<li>que la compa\u00f1\u00eda aseguradora que coparticipa, con socios de primera fila en la econom\u00eda social italiana y francesa, oferta seguros en condiciones de calidad y precio que responden a altos niveles de exigencia,<\/li>\n\n\n\n<li>que dispone de una multitud de publicaciones sectoriales y territoriales peri\u00f3dicas, y otras muchas especializadas,<\/li>\n\n\n\n<li>que es miembro destacado de la Confederaci\u00f3n Europea de Sindicatos (CES) y de la Internacional de Organizaciones Sindicales Libres (CIOSL),<\/li>\n\n\n\n<li>que los j\u00f3venes y otros colectivos de trabajadores aut\u00f3nomos, mujeres, jubilados y pensionistas, encuentran en Comisiones espacios espec\u00edficos para participar y decidir sobre cuestiones que les son propias.<\/li>\n<\/ul>\n\n\n\n<p>Posiblemente, nos hemos excedido en la explicaci\u00f3n. Depender\u00e1 de nosotros ser m\u00e1s breves en el futuro\u2026<br>\u2026pero que este Sindicato sea cada vez m\u00e1s fuerte y m\u00e1s eficaz, depende de quienes forman parte de \u00e9l.<\/p>\n\n\n\n<p>Si as\u00ed lo crees, \u00abpincha\u00bb los enlaces de las fichas de afiliaci\u00f3n.<br>mandanos tus datos y tus dudas.<br>As\u00ed de f\u00e1cil. \u00a1DEC\u00cdDETE!<\/p>\n\n\n\n<p><a href=\"https:\/\/ccoo.upv.es\/wp-content\/uploads\/2023\/10\/Fitxa-Afiliacio-2021-Setembre.pdf\" target=\"_blank\" rel=\"noreferrer noopener\">Fitxa d\u2019afiliaci\u00f3 en valenci\u00e0<\/a><\/p>\n\n\n\n<p><a href=\"https:\/\/ccoo.upv.es\/documentos\/afiliacion\/afvalen.doc\" target=\"_blank\" rel=\"noreferrer noopener\">Ficha de afiliaci\u00f3n Valenciano (anterior)<\/a><\/p>\n\n\n\n<p><a href=\"https:\/\/ccoo.upv.es\/documentos\/Afiliacion\/afcaste.doc\">Ficha de afiliaci\u00f3n Castellano (anterior)<\/a><\/p>\n\n\n\n<p><a href=\"https:\/\/afiliate.ccoo.es\/sol_afi_web\/coco.php?E:sol_afi_web\/proteccion_datos.php\" target=\"_blank\" rel=\"noreferrer noopener\">Afiliaci\u00f3n en la WEB de CC.OO.<\/a><\/p>\n","protected":false},"excerpt":{"rendered":"<p>Posiblemente, tras navegar por las p\u00e1ginas de CC.OO., no sea necesario decir: \u2026ni tampoco insistir en\u2026 Posiblemente, nos hemos excedido [&hellip;]<\/p>\n","protected":false},"author":2,"featured_media":0,"parent":0,"menu_order":0,"comment_status":"closed","ping_status":"closed","template":"","meta":{"site-sidebar-layout":"default","site-content-layout":"","ast-site-content-layout":"default","site-content-style":"default","site-sidebar-style":"default","ast-global-header-display":"","ast-banner-title-visibility":"","ast-main-header-display":"","ast-hfb-above-header-display":"","ast-hfb-below-header-display":"","ast-hfb-mobile-header-display":"","site-post-title":"","ast-breadcrumbs-content":"","ast-featured-img":"","footer-sml-layout":"","theme-transparent-header-meta":"","adv-header-id-meta":"","stick-header-meta":"","header-above-stick-meta":"","header-main-stick-meta":"","header-below-stick-meta":"","astra-migrate-meta-layouts":"default","ast-page-background-enabled":"default","ast-page-background-meta":{"desktop":{"background-color":"var(--ast-global-color-5)","background-image":"","background-repeat":"repeat","background-position":"center center","background-size":"auto","background-attachment":"scroll","background-type":"","background-media":"","overlay-type":"","overlay-color":"","overlay-opacity":"","overlay-gradient":""},"tablet":{"background-color":"","background-image":"","background-repeat":"repeat","background-position":"center center","background-size":"auto","background-attachment":"scroll","background-type":"","background-media":"","overlay-type":"","overlay-color":"","overlay-opacity":"","overlay-gradient":""},"mobile":{"background-color":"","background-image":"","background-repeat":"repeat","background-position":"center center","background-size":"auto","background-attachment":"scroll","background-type":"","background-media":"","overlay-type":"","overlay-color":"","overlay-opacity":"","overlay-gradient":""}},"ast-content-background-meta":{"desktop":{"background-color":"var(--ast-global-color-4)","background-image":"","background-repeat":"repeat","background-position":"center center","background-size":"auto","background-attachment":"scroll","background-type":"","background-media":"","overlay-type":"","overlay-color":"","overlay-opacity":"","overlay-gradient":""},"tablet":{"background-color":"var(--ast-global-color-4)","background-image":"","background-repeat":"repeat","background-position":"center center","background-size":"auto","background-attachment":"scroll","background-type":"","background-media":"","overlay-type":"","overlay-color":"","overlay-opacity":"","overlay-gradient":""},"mobile":{"background-color":"var(--ast-global-color-4)","background-image":"","background-repeat":"repeat","background-position":"center center","background-size":"auto","background-attachment":"scroll","background-type":"","background-media":"","overlay-type":"","overlay-color":"","overlay-opacity":"","overlay-gradient":""}},"footnotes":""},"class_list":["post-5467","page","type-page","status-publish","hentry"],"rttpg_featured_image_url":null,"rttpg_author":{"display_name":"jose marin","author_link":"https:\/\/ccoo2-upv.webs.upv.es\/?author=2"},"rttpg_comment":0,"rttpg_category":null,"rttpg_excerpt":"Posiblemente, tras navegar por las p\u00e1ginas de CC.OO., no sea necesario decir: \u2026ni tampoco insistir en\u2026 Posiblemente, nos hemos excedido [&hellip;]","_links":{"self":[{"href":"https:\/\/ccoo2-upv.webs.upv.es\/index.php?rest_route=\/wp\/v2\/pages\/5467","targetHints":{"allow":["GET"]}}],"collection":[{"href":"https:\/\/ccoo2-upv.webs.upv.es\/index.php?rest_route=\/wp\/v2\/pages"}],"about":[{"href":"https:\/\/ccoo2-upv.webs.upv.es\/index.php?rest_route=\/wp\/v2\/types\/page"}],"author":[{"embeddable":true,"href":"https:\/\/ccoo2-upv.webs.upv.es\/index.php?rest_route=\/wp\/v2\/users\/2"}],"replies":[{"embeddable":true,"href":"https:\/\/ccoo2-upv.webs.upv.es\/index.php?rest_route=%2Fwp%2Fv2%2Fcomments&post=5467"}],"version-history":[{"count":2,"href":"https:\/\/ccoo2-upv.webs.upv.es\/index.php?rest_route=\/wp\/v2\/pages\/5467\/revisions"}],"predecessor-version":[{"id":5514,"href":"https:\/\/ccoo2-upv.webs.upv.es\/index.php?rest_route=\/wp\/v2\/pages\/5467\/revisions\/5514"}],"wp:attachment":[{"href":"https:\/\/ccoo2-upv.webs.upv.es\/index.php?rest_route=%2Fwp%2Fv2%2Fmedia&parent=5467"}],"curies":[{"name":"wp","href":"https:\/\/api.w.org\/{rel}","templated":true}]}}