{"id":5518,"date":"2025-09-15T10:43:15","date_gmt":"2025-09-15T08:43:15","guid":{"rendered":"https:\/\/ccoo2-upv.webs.upv.es\/?page_id=5518"},"modified":"2025-09-15T13:32:45","modified_gmt":"2025-09-15T11:32:45","slug":"area-ptgas","status":"publish","type":"page","link":"https:\/\/ccoo2-upv.webs.upv.es\/?page_id=5518","title":{"rendered":"AREA PTGAS"},"content":{"rendered":"\t\t<div data-elementor-type=\"wp-page\" data-elementor-id=\"5518\" class=\"elementor elementor-5518\">\n\t\t\t\t<div class=\"elementor-element elementor-element-42f282f e-flex e-con-boxed e-con e-parent\" data-id=\"42f282f\" data-element_type=\"container\">\n\t\t\t\t\t<div class=\"e-con-inner\">\n\t\t<div class=\"elementor-element elementor-element-99b60ab e-con-full e-flex e-con e-child\" data-id=\"99b60ab\" data-element_type=\"container\">\n\t\t\t\t<div class=\"elementor-element elementor-element-c04621e elementor-widget elementor-widget-image\" data-id=\"c04621e\" data-element_type=\"widget\" data-widget_type=\"image.default\">\n\t\t\t\t\t\t\t\t\t\t\t\t\t\t\t<img decoding=\"async\" width=\"186\" height=\"148\" src=\"https:\/\/ccoo2-upv.webs.upv.es\/wp-content\/uploads\/2025\/09\/convocatorias-1.jpg\" class=\"attachment-full size-full wp-image-5522\" alt=\"\" \/>\t\t\t\t\t\t\t\t\t\t\t\t\t\t\t<\/div>\n\t\t\t\t<\/div>\n\t\t<div class=\"elementor-element elementor-element-23a6e7f e-con-full e-flex e-con e-child\" data-id=\"23a6e7f\" data-element_type=\"container\">\n\t\t\t\t<div class=\"elementor-element elementor-element-1e0549d elementor-widget elementor-widget-image\" data-id=\"1e0549d\" data-element_type=\"widget\" data-widget_type=\"image.default\">\n\t\t\t\t\t\t\t\t\t\t\t\t\t\t\t<img fetchpriority=\"high\" decoding=\"async\" width=\"1024\" height=\"724\" src=\"https:\/\/ccoo2-upv.webs.upv.es\/wp-content\/uploads\/2025\/07\/5-1024x724.jpg\" class=\"attachment-large size-large wp-image-127\" alt=\"\" srcset=\"https:\/\/ccoo2-upv.webs.upv.es\/wp-content\/uploads\/2025\/07\/5-1024x724.jpg 1024w, https:\/\/ccoo2-upv.webs.upv.es\/wp-content\/uploads\/2025\/07\/5-300x212.jpg 300w, https:\/\/ccoo2-upv.webs.upv.es\/wp-content\/uploads\/2025\/07\/5-768x543.jpg 768w, https:\/\/ccoo2-upv.webs.upv.es\/wp-content\/uploads\/2025\/07\/5-1536x1086.jpg 1536w, https:\/\/ccoo2-upv.webs.upv.es\/wp-content\/uploads\/2025\/07\/5-2048x1448.jpg 2048w\" sizes=\"(max-width: 1024px) 100vw, 1024px\" \/>\t\t\t\t\t\t\t\t\t\t\t\t\t\t\t<\/div>\n\t\t\t\t<\/div>\n\t\t<div class=\"elementor-element elementor-element-3371451 e-con-full e-flex e-con e-child\" data-id=\"3371451\" data-element_type=\"container\">\n\t\t\t\t<div class=\"elementor-element elementor-element-5d7ea08 elementor-widget elementor-widget-image\" data-id=\"5d7ea08\" data-element_type=\"widget\" data-widget_type=\"image.default\">\n\t\t\t\t\t\t\t\t\t\t\t\t\t\t\t<img decoding=\"async\" width=\"1024\" height=\"553\" src=\"https:\/\/ccoo2-upv.webs.upv.es\/wp-content\/uploads\/2025\/07\/Diseno-sin-titulo-e1751548102805-1024x553.jpg\" class=\"attachment-large size-large wp-image-111\" alt=\"\" srcset=\"https:\/\/ccoo2-upv.webs.upv.es\/wp-content\/uploads\/2025\/07\/Diseno-sin-titulo-e1751548102805-1024x553.jpg 1024w, https:\/\/ccoo2-upv.webs.upv.es\/wp-content\/uploads\/2025\/07\/Diseno-sin-titulo-e1751548102805-300x162.jpg 300w, https:\/\/ccoo2-upv.webs.upv.es\/wp-content\/uploads\/2025\/07\/Diseno-sin-titulo-e1751548102805-768x415.jpg 768w, https:\/\/ccoo2-upv.webs.upv.es\/wp-content\/uploads\/2025\/07\/Diseno-sin-titulo-e1751548102805-1536x829.jpg 1536w, https:\/\/ccoo2-upv.webs.upv.es\/wp-content\/uploads\/2025\/07\/Diseno-sin-titulo-e1751548102805-2048x1106.jpg 2048w\" sizes=\"(max-width: 1024px) 100vw, 1024px\" \/>\t\t\t\t\t\t\t\t\t\t\t\t\t\t\t<\/div>\n\t\t\t\t<\/div>\n\t\t\t\t\t<\/div>\n\t\t\t\t<\/div>\n\t\t<div class=\"elementor-element elementor-element-f4856aa e-flex e-con-boxed e-con e-parent\" data-id=\"f4856aa\" data-element_type=\"container\">\n\t\t\t\t\t<div class=\"e-con-inner\">\n\t\t<div class=\"elementor-element elementor-element-eb26597 e-con-full e-flex e-con e-child\" data-id=\"eb26597\" data-element_type=\"container\">\n\t\t\t\t<div class=\"elementor-element elementor-element-cd64189 elementor-widget elementor-widget-heading\" data-id=\"cd64189\" data-element_type=\"widget\" data-widget_type=\"heading.default\">\n\t\t\t\t\t<h2 class=\"elementor-heading-title elementor-size-default\">CONVOCAT\u00d2RIES<\/h2>\t\t\t\t<\/div>\n\t\t\t\t<\/div>\n\t\t<div class=\"elementor-element elementor-element-3896f84 e-con-full e-flex e-con e-child\" data-id=\"3896f84\" data-element_type=\"container\">\n\t\t\t\t<div class=\"elementor-element elementor-element-2c993e8 elementor-widget elementor-widget-heading\" data-id=\"2c993e8\" data-element_type=\"widget\" data-widget_type=\"heading.default\">\n\t\t\t\t\t<h2 class=\"elementor-heading-title elementor-size-default\">PERMISOS I LLIC\u00c8NCIES<\/h2>\t\t\t\t<\/div>\n\t\t\t\t<\/div>\n\t\t<div class=\"elementor-element elementor-element-be12fed e-con-full e-flex e-con e-child\" data-id=\"be12fed\" data-element_type=\"container\">\n\t\t\t\t<div class=\"elementor-element elementor-element-dd7dd99 elementor-widget elementor-widget-heading\" data-id=\"dd7dd99\" data-element_type=\"widget\" data-widget_type=\"heading.default\">\n\t\t\t\t\t<h2 class=\"elementor-heading-title elementor-size-default\">CARRERA PROFESSIONAL<\/h2>\t\t\t\t<\/div>\n\t\t\t\t<\/div>\n\t\t\t\t\t<\/div>\n\t\t\t\t<\/div>\n\t\t<div class=\"elementor-element elementor-element-43fea17 e-flex e-con-boxed e-con e-parent\" data-id=\"43fea17\" data-element_type=\"container\">\n\t\t\t\t\t<div class=\"e-con-inner\">\n\t\t<div class=\"elementor-element elementor-element-6762a58 e-con-full e-flex e-con e-child\" data-id=\"6762a58\" data-element_type=\"container\">\n\t\t\t\t<div class=\"elementor-element elementor-element-413bb18 elementor-widget elementor-widget-image\" data-id=\"413bb18\" data-element_type=\"widget\" data-widget_type=\"image.default\">\n\t\t\t\t\t\t\t\t\t\t\t\t\t\t\t<img loading=\"lazy\" decoding=\"async\" width=\"1024\" height=\"724\" src=\"https:\/\/ccoo2-upv.webs.upv.es\/wp-content\/uploads\/2025\/07\/2-1024x724.jpg\" class=\"attachment-large size-large wp-image-112\" alt=\"\" srcset=\"https:\/\/ccoo2-upv.webs.upv.es\/wp-content\/uploads\/2025\/07\/2-1024x724.jpg 1024w, https:\/\/ccoo2-upv.webs.upv.es\/wp-content\/uploads\/2025\/07\/2-300x212.jpg 300w, https:\/\/ccoo2-upv.webs.upv.es\/wp-content\/uploads\/2025\/07\/2-768x543.jpg 768w, https:\/\/ccoo2-upv.webs.upv.es\/wp-content\/uploads\/2025\/07\/2-1536x1086.jpg 1536w, https:\/\/ccoo2-upv.webs.upv.es\/wp-content\/uploads\/2025\/07\/2-2048x1448.jpg 2048w\" sizes=\"(max-width: 1024px) 100vw, 1024px\" \/>\t\t\t\t\t\t\t\t\t\t\t\t\t\t\t<\/div>\n\t\t\t\t<\/div>\n\t\t<div class=\"elementor-element elementor-element-3f66623 e-con-full e-flex e-con e-child\" data-id=\"3f66623\" data-element_type=\"container\">\n\t\t\t\t<div class=\"elementor-element elementor-element-e7f9fbe elementor-widget elementor-widget-image\" data-id=\"e7f9fbe\" data-element_type=\"widget\" data-widget_type=\"image.default\">\n\t\t\t\t\t\t\t\t\t\t\t\t\t\t\t<img loading=\"lazy\" decoding=\"async\" width=\"1024\" height=\"676\" src=\"https:\/\/ccoo2-upv.webs.upv.es\/wp-content\/uploads\/2024\/06\/2024_mesa-negociacion-CCOO-02-1024x676.jpg\" class=\"attachment-large size-large wp-image-4929\" alt=\"\" srcset=\"https:\/\/ccoo2-upv.webs.upv.es\/wp-content\/uploads\/2024\/06\/2024_mesa-negociacion-CCOO-02-1024x676.jpg 1024w, https:\/\/ccoo2-upv.webs.upv.es\/wp-content\/uploads\/2024\/06\/2024_mesa-negociacion-CCOO-02-300x198.jpg 300w, https:\/\/ccoo2-upv.webs.upv.es\/wp-content\/uploads\/2024\/06\/2024_mesa-negociacion-CCOO-02-768x507.jpg 768w, https:\/\/ccoo2-upv.webs.upv.es\/wp-content\/uploads\/2024\/06\/2024_mesa-negociacion-CCOO-02.jpg 1200w\" sizes=\"(max-width: 1024px) 100vw, 1024px\" \/>\t\t\t\t\t\t\t\t\t\t\t\t\t\t\t<\/div>\n\t\t\t\t<\/div>\n\t\t<div class=\"elementor-element elementor-element-1d7d148 e-con-full e-flex e-con e-child\" data-id=\"1d7d148\" data-element_type=\"container\">\n\t\t\t\t<div class=\"elementor-element elementor-element-1117238 elementor-widget elementor-widget-image\" data-id=\"1117238\" data-element_type=\"widget\" data-widget_type=\"image.default\">\n\t\t\t\t\t\t\t\t\t\t\t\t\t\t\t<img loading=\"lazy\" decoding=\"async\" width=\"612\" height=\"367\" src=\"https:\/\/ccoo2-upv.webs.upv.es\/wp-content\/uploads\/2025\/09\/retribuciones.jpg\" class=\"attachment-large size-large wp-image-5534\" alt=\"\" srcset=\"https:\/\/ccoo2-upv.webs.upv.es\/wp-content\/uploads\/2025\/09\/retribuciones.jpg 612w, https:\/\/ccoo2-upv.webs.upv.es\/wp-content\/uploads\/2025\/09\/retribuciones-300x180.jpg 300w\" sizes=\"(max-width: 612px) 100vw, 612px\" \/>\t\t\t\t\t\t\t\t\t\t\t\t\t\t\t<\/div>\n\t\t\t\t<\/div>\n\t\t\t\t\t<\/div>\n\t\t\t\t<\/div>\n\t\t<div class=\"elementor-element elementor-element-c4298d0 e-flex e-con-boxed e-con e-parent\" data-id=\"c4298d0\" data-element_type=\"container\">\n\t\t\t\t\t<div class=\"e-con-inner\">\n\t\t<div class=\"elementor-element elementor-element-4f472b8 e-con-full e-flex e-con e-child\" data-id=\"4f472b8\" data-element_type=\"container\">\n\t\t\t\t<div class=\"elementor-element elementor-element-03e4311 elementor-widget elementor-widget-heading\" data-id=\"03e4311\" data-element_type=\"widget\" data-widget_type=\"heading.default\">\n\t\t\t\t\t<h2 class=\"elementor-heading-title elementor-size-default\">NOT\u00cdCIES P.T.G.A.S<\/h2>\t\t\t\t<\/div>\n\t\t\t\t<\/div>\n\t\t<div class=\"elementor-element elementor-element-39681ce e-con-full e-flex e-con e-child\" data-id=\"39681ce\" data-element_type=\"container\">\n\t\t\t\t<div class=\"elementor-element elementor-element-fadd6d8 elementor-widget elementor-widget-heading\" data-id=\"fadd6d8\" data-element_type=\"widget\" data-widget_type=\"heading.default\">\n\t\t\t\t\t<h2 class=\"elementor-heading-title elementor-size-default\">ASSOLIMENTS I SUGGERIMENTS DE NEGOCIACIONS<\/h2>\t\t\t\t<\/div>\n\t\t\t\t<\/div>\n\t\t<div class=\"elementor-element elementor-element-355e23e e-con-full e-flex e-con e-child\" data-id=\"355e23e\" data-element_type=\"container\">\n\t\t\t\t<div class=\"elementor-element elementor-element-3f2a6be elementor-widget elementor-widget-heading\" data-id=\"3f2a6be\" data-element_type=\"widget\" data-widget_type=\"heading.default\">\n\t\t\t\t\t<h2 class=\"elementor-heading-title elementor-size-default\">RETRIBUCIONS<\/h2>\t\t\t\t<\/div>\n\t\t\t\t<\/div>\n\t\t\t\t\t<\/div>\n\t\t\t\t<\/div>\n\t\t\t\t<\/div>\n\t\t","protected":false},"excerpt":{"rendered":"<p>CONVOCAT\u00d2RIES PERMISOS I LLIC\u00c8NCIES CARRERA PROFESSIONAL NOT\u00cdCIES P.T.G.A.S ASSOLIMENTS I SUGGERIMENTS DE NEGOCIACIONS RETRIBUCIONS<\/p>\n","protected":false},"author":2,"featured_media":0,"parent":0,"menu_order":0,"comment_status":"closed","ping_status":"closed","template":"","meta":{"site-sidebar-layout":"no-sidebar","site-content-layout":"","ast-site-content-layout":"full-width-container","site-content-style":"default","site-sidebar-style":"default","ast-global-header-display":"","ast-banner-title-visibility":"","ast-main-header-display":"","ast-hfb-above-header-display":"","ast-hfb-below-header-display":"","ast-hfb-mobile-header-display":"","site-post-title":"disabled","ast-breadcrumbs-content":"","ast-featured-img":"disabled","footer-sml-layout":"","theme-transparent-header-meta":"","adv-header-id-meta":"","stick-header-meta":"","header-above-stick-meta":"","header-main-stick-meta":"","header-below-stick-meta":"","astra-migrate-meta-layouts":"default","ast-page-background-enabled":"default","ast-page-background-meta":{"desktop":{"background-color":"var(--ast-global-color-5)","background-image":"","background-repeat":"repeat","background-position":"center center","background-size":"auto","background-attachment":"scroll","background-type":"","background-media":"","overlay-type":"","overlay-color":"","overlay-opacity":"","overlay-gradient":""},"tablet":{"background-color":"","background-image":"","background-repeat":"repeat","background-position":"center center","background-size":"auto","background-attachment":"scroll","background-type":"","background-media":"","overlay-type":"","overlay-color":"","overlay-opacity":"","overlay-gradient":""},"mobile":{"background-color":"","background-image":"","background-repeat":"repeat","background-position":"center center","background-size":"auto","background-attachment":"scroll","background-type":"","background-media":"","overlay-type":"","overlay-color":"","overlay-opacity":"","overlay-gradient":""}},"ast-content-background-meta":{"desktop":{"background-color":"var(--ast-global-color-4)","background-image":"","background-repeat":"repeat","background-position":"center center","background-size":"auto","background-attachment":"scroll","background-type":"","background-media":"","overlay-type":"","overlay-color":"","overlay-opacity":"","overlay-gradient":""},"tablet":{"background-color":"var(--ast-global-color-4)","background-image":"","background-repeat":"repeat","background-position":"center center","background-size":"auto","background-attachment":"scroll","background-type":"","background-media":"","overlay-type":"","overlay-color":"","overlay-opacity":"","overlay-gradient":""},"mobile":{"background-color":"var(--ast-global-color-4)","background-image":"","background-repeat":"repeat","background-position":"center center","background-size":"auto","background-attachment":"scroll","background-type":"","background-media":"","overlay-type":"","overlay-color":"","overlay-opacity":"","overlay-gradient":""}},"footnotes":""},"class_list":["post-5518","page","type-page","status-publish","hentry"],"rttpg_featured_image_url":null,"rttpg_author":{"display_name":"jose marin","author_link":"https:\/\/ccoo2-upv.webs.upv.es\/?author=2"},"rttpg_comment":0,"rttpg_category":null,"rttpg_excerpt":"CONVOCAT\u00d2RIES PERMISOS I LLIC\u00c8NCIES CARRERA PROFESSIONAL NOT\u00cdCIES P.T.G.A.S ASSOLIMENTS I SUGGERIMENTS DE NEGOCIACIONS RETRIBUCIONS","_links":{"self":[{"href":"https:\/\/ccoo2-upv.webs.upv.es\/index.php?rest_route=\/wp\/v2\/pages\/5518","targetHints":{"allow":["GET"]}}],"collection":[{"href":"https:\/\/ccoo2-upv.webs.upv.es\/index.php?rest_route=\/wp\/v2\/pages"}],"about":[{"href":"https:\/\/ccoo2-upv.webs.upv.es\/index.php?rest_route=\/wp\/v2\/types\/page"}],"author":[{"embeddable":true,"href":"https:\/\/ccoo2-upv.webs.upv.es\/index.php?rest_route=\/wp\/v2\/users\/2"}],"replies":[{"embeddable":true,"href":"https:\/\/ccoo2-upv.webs.upv.es\/index.php?rest_route=%2Fwp%2Fv2%2Fcomments&post=5518"}],"version-history":[{"count":16,"href":"https:\/\/ccoo2-upv.webs.upv.es\/index.php?rest_route=\/wp\/v2\/pages\/5518\/revisions"}],"predecessor-version":[{"id":5543,"href":"https:\/\/ccoo2-upv.webs.upv.es\/index.php?rest_route=\/wp\/v2\/pages\/5518\/revisions\/5543"}],"wp:attachment":[{"href":"https:\/\/ccoo2-upv.webs.upv.es\/index.php?rest_route=%2Fwp%2Fv2%2Fmedia&parent=5518"}],"curies":[{"name":"wp","href":"https:\/\/api.w.org\/{rel}","templated":true}]}}