{"id":63,"date":"2021-09-23T12:38:24","date_gmt":"2021-09-23T10:38:24","guid":{"rendered":"https:\/\/provaccoo.webs.upv.es\/?page_id=63"},"modified":"2025-09-29T14:04:10","modified_gmt":"2025-09-29T12:04:10","slug":"elementor-63","status":"publish","type":"page","link":"https:\/\/ccoo2-upv.webs.upv.es\/?page_id=63","title":{"rendered":"INICIO 2"},"content":{"rendered":"\t\t<div data-elementor-type=\"wp-page\" data-elementor-id=\"63\" class=\"elementor elementor-63\">\n\t\t\t\t\t\t<section class=\"elementor-section elementor-top-section elementor-element elementor-element-b93504d elementor-section-full_width elementor-section-height-default elementor-section-height-default\" data-id=\"b93504d\" data-element_type=\"section\">\n\t\t\t\t\t\t<div class=\"elementor-container elementor-column-gap-wide\">\n\t\t\t\t\t<div class=\"elementor-column elementor-col-100 elementor-top-column elementor-element elementor-element-1b1c829\" data-id=\"1b1c829\" data-element_type=\"column\">\n\t\t\t<div class=\"elementor-widget-wrap elementor-element-populated\">\n\t\t\t\t\t\t<div class=\"elementor-element elementor-element-9698a72 elementor-widget elementor-widget-image\" data-id=\"9698a72\" data-element_type=\"widget\" data-widget_type=\"image.default\">\n\t\t\t\t\t\t\t\t\t\t\t\t\t\t\t<img fetchpriority=\"high\" decoding=\"async\" width=\"2048\" height=\"526\" src=\"https:\/\/ccoo2-upv.webs.upv.es\/wp-content\/uploads\/2022\/02\/PANO_20220112_153539-scaled-1-2048x526.jpg\" class=\"attachment-2048x2048 size-2048x2048 wp-image-2775\" alt=\"\" srcset=\"https:\/\/ccoo2-upv.webs.upv.es\/wp-content\/uploads\/2022\/02\/PANO_20220112_153539-scaled-1-2048x526.jpg 2048w, https:\/\/ccoo2-upv.webs.upv.es\/wp-content\/uploads\/2022\/02\/PANO_20220112_153539-scaled-1-300x77.jpg 300w, https:\/\/ccoo2-upv.webs.upv.es\/wp-content\/uploads\/2022\/02\/PANO_20220112_153539-scaled-1-1024x263.jpg 1024w, https:\/\/ccoo2-upv.webs.upv.es\/wp-content\/uploads\/2022\/02\/PANO_20220112_153539-scaled-1-768x197.jpg 768w, https:\/\/ccoo2-upv.webs.upv.es\/wp-content\/uploads\/2022\/02\/PANO_20220112_153539-scaled-1-1536x394.jpg 1536w\" sizes=\"(max-width: 2048px) 100vw, 2048px\" \/>\t\t\t\t\t\t\t\t\t\t\t\t\t\t\t<\/div>\n\t\t\t\t<div class=\"elementor-element elementor-element-07774b5 elementor-widget elementor-widget-heading\" data-id=\"07774b5\" data-element_type=\"widget\" data-widget_type=\"heading.default\">\n\t\t\t\t\t<h2 class=\"elementor-heading-title elementor-size-default\">                   Not\u00edcies d\u00b4Actualitat                   <\/h2>\t\t\t\t<\/div>\n\t\t\t\t\t<\/div>\n\t\t<\/div>\n\t\t\t\t\t<\/div>\n\t\t<\/section>\n\t\t\t\t<section class=\"elementor-section elementor-top-section elementor-element elementor-element-34a5042 elementor-section-boxed elementor-section-height-default elementor-section-height-default\" data-id=\"34a5042\" data-element_type=\"section\">\n\t\t\t\t\t\t<div class=\"elementor-container elementor-column-gap-default\">\n\t\t\t\t\t<div class=\"elementor-column elementor-col-100 elementor-top-column elementor-element elementor-element-d4fae5e\" data-id=\"d4fae5e\" data-element_type=\"column\">\n\t\t\t<div class=\"elementor-widget-wrap\">\n\t\t\t\t\t\t\t<\/div>\n\t\t<\/div>\n\t\t\t\t\t<\/div>\n\t\t<\/section>\n\t\t\t\t<section class=\"elementor-section elementor-top-section elementor-element elementor-element-9cf8d86 elementor-section-boxed elementor-section-height-default elementor-section-height-default\" data-id=\"9cf8d86\" data-element_type=\"section\">\n\t\t\t\t\t\t<div class=\"elementor-container elementor-column-gap-default\">\n\t\t\t\t\t<div class=\"elementor-column elementor-col-100 elementor-top-column elementor-element elementor-element-b86daf3\" data-id=\"b86daf3\" data-element_type=\"column\">\n\t\t\t<div class=\"elementor-widget-wrap elementor-element-populated\">\n\t\t\t\t\t\t<div class=\"elementor-element elementor-element-f6d4044 elementor-widget elementor-widget-heading\" data-id=\"f6d4044\" data-element_type=\"widget\" data-widget_type=\"heading.default\">\n\t\t\t\t\t<h2 class=\"elementor-heading-title elementor-size-default\">Informaci\u00f3 d'Inter\u00e9s<\/h2>\t\t\t\t<\/div>\n\t\t\t\t\t<\/div>\n\t\t<\/div>\n\t\t\t\t\t<\/div>\n\t\t<\/section>\n\t\t\t\t<section class=\"elementor-section elementor-top-section elementor-element elementor-element-09ce734 elementor-section-boxed elementor-section-height-default elementor-section-height-default\" data-id=\"09ce734\" data-element_type=\"section\" data-settings=\"{&quot;background_background&quot;:&quot;classic&quot;}\">\n\t\t\t\t\t\t\t<div class=\"elementor-background-overlay\"><\/div>\n\t\t\t\t\t\t\t<div class=\"elementor-container elementor-column-gap-default\">\n\t\t\t\t\t<div class=\"elementor-column elementor-col-33 elementor-top-column elementor-element elementor-element-8a16808\" data-id=\"8a16808\" data-element_type=\"column\" data-settings=\"{&quot;background_background&quot;:&quot;classic&quot;}\">\n\t\t\t<div class=\"elementor-widget-wrap elementor-element-populated\">\n\t\t\t\t\t\t<div class=\"elementor-element elementor-element-1e1b904 elementor-position-top elementor-widget elementor-widget-image-box\" data-id=\"1e1b904\" data-element_type=\"widget\" data-widget_type=\"image-box.default\">\n\t\t\t\t\t<div class=\"elementor-image-box-wrapper\"><figure class=\"elementor-image-box-img\"><a href=\"https:\/\/pruebaccoo.webs.upv.es\/index.php\/planconciliaacuerdos\/\" tabindex=\"-1\"><img decoding=\"async\" width=\"800\" height=\"827\" src=\"https:\/\/ccoo2-upv.webs.upv.es\/wp-content\/uploads\/2022\/02\/cinco.jpg\" class=\"elementor-animation-grow attachment-full size-full wp-image-2720\" alt=\"\" srcset=\"https:\/\/ccoo2-upv.webs.upv.es\/wp-content\/uploads\/2022\/02\/cinco.jpg 800w, https:\/\/ccoo2-upv.webs.upv.es\/wp-content\/uploads\/2022\/02\/cinco-290x300.jpg 290w, https:\/\/ccoo2-upv.webs.upv.es\/wp-content\/uploads\/2022\/02\/cinco-768x794.jpg 768w\" sizes=\"(max-width: 800px) 100vw, 800px\" \/><\/a><\/figure><div class=\"elementor-image-box-content\"><h3 class=\"elementor-image-box-title\"><a href=\"https:\/\/pruebaccoo.webs.upv.es\/index.php\/planconciliaacuerdos\/\">PLA CONCILIA<\/a><\/h3><p class=\"elementor-image-box-description\">Tota la informaci\u00f3 sobre el nou pla concilia, permisos i llic\u00e8ncies per a la conciliaci\u00f3 de la vida familiar i laboral<\/p><\/div><\/div>\t\t\t\t<\/div>\n\t\t\t\t\t<\/div>\n\t\t<\/div>\n\t\t\t\t<div class=\"elementor-column elementor-col-33 elementor-top-column elementor-element elementor-element-b349b26\" data-id=\"b349b26\" data-element_type=\"column\" data-settings=\"{&quot;background_background&quot;:&quot;classic&quot;}\">\n\t\t\t<div class=\"elementor-widget-wrap elementor-element-populated\">\n\t\t\t\t\t\t<div class=\"elementor-element elementor-element-65abf30 elementor-position-top elementor-widget elementor-widget-image-box\" data-id=\"65abf30\" data-element_type=\"widget\" data-widget_type=\"image-box.default\">\n\t\t\t\t\t<div class=\"elementor-image-box-wrapper\"><figure class=\"elementor-image-box-img\"><a href=\"https:\/\/pruebaccoo.webs.upv.es\/index.php\/calendario-laboral\/\" tabindex=\"-1\"><img decoding=\"async\" width=\"783\" height=\"752\" src=\"https:\/\/ccoo2-upv.webs.upv.es\/wp-content\/uploads\/2022\/01\/trece.jpg\" class=\"elementor-animation-grow attachment-full size-full wp-image-2454\" alt=\"\" srcset=\"https:\/\/ccoo2-upv.webs.upv.es\/wp-content\/uploads\/2022\/01\/trece.jpg 783w, https:\/\/ccoo2-upv.webs.upv.es\/wp-content\/uploads\/2022\/01\/trece-300x288.jpg 300w, https:\/\/ccoo2-upv.webs.upv.es\/wp-content\/uploads\/2022\/01\/trece-768x738.jpg 768w\" sizes=\"(max-width: 783px) 100vw, 783px\" \/><\/a><\/figure><div class=\"elementor-image-box-content\"><h3 class=\"elementor-image-box-title\"><a href=\"https:\/\/pruebaccoo.webs.upv.es\/index.php\/calendario-laboral\/\">CALENDARI LABORAL<\/a><\/h3><p class=\"elementor-image-box-description\">Calendari Laboral aprovat per a la temporada 2020\/21. festius locals i nacionals, etc..<\/p><\/div><\/div>\t\t\t\t<\/div>\n\t\t\t\t\t<\/div>\n\t\t<\/div>\n\t\t\t\t<div class=\"elementor-column elementor-col-33 elementor-top-column elementor-element elementor-element-1b1bde4\" data-id=\"1b1bde4\" data-element_type=\"column\" data-settings=\"{&quot;background_background&quot;:&quot;classic&quot;}\">\n\t\t\t<div class=\"elementor-widget-wrap elementor-element-populated\">\n\t\t\t\t\t\t<div class=\"elementor-element elementor-element-c711d21 elementor-position-top elementor-widget elementor-widget-image-box\" data-id=\"c711d21\" data-element_type=\"widget\" data-widget_type=\"image-box.default\">\n\t\t\t\t\t<div class=\"elementor-image-box-wrapper\"><figure class=\"elementor-image-box-img\"><a href=\"https:\/\/pruebaccoo.webs.upv.es\/index.php\/formacion\/\" tabindex=\"-1\"><img loading=\"lazy\" decoding=\"async\" width=\"831\" height=\"840\" src=\"https:\/\/ccoo2-upv.webs.upv.es\/wp-content\/uploads\/2022\/01\/diez-1.jpg\" class=\"elementor-animation-grow attachment-full size-full wp-image-2455\" alt=\"\" srcset=\"https:\/\/ccoo2-upv.webs.upv.es\/wp-content\/uploads\/2022\/01\/diez-1.jpg 831w, https:\/\/ccoo2-upv.webs.upv.es\/wp-content\/uploads\/2022\/01\/diez-1-297x300.jpg 297w, https:\/\/ccoo2-upv.webs.upv.es\/wp-content\/uploads\/2022\/01\/diez-1-768x776.jpg 768w\" sizes=\"(max-width: 831px) 100vw, 831px\" \/><\/a><\/figure><div class=\"elementor-image-box-content\"><h3 class=\"elementor-image-box-title\"><a href=\"https:\/\/pruebaccoo.webs.upv.es\/index.php\/formacion\/\">CURSOS I FORMACI\u00d3<\/a><\/h3><p class=\"elementor-image-box-description\">Tota l'oferta formativa del nostre sindicat, Federaci\u00f3 d'Ensenyament CCOO, FOREM CCOO i UFASU de la UPV<\/p><\/div><\/div>\t\t\t\t<\/div>\n\t\t\t\t\t<\/div>\n\t\t<\/div>\n\t\t\t\t\t<\/div>\n\t\t<\/section>\n\t\t\t\t<section class=\"elementor-section elementor-top-section elementor-element elementor-element-f55c3a5 elementor-section-boxed elementor-section-height-default elementor-section-height-default\" data-id=\"f55c3a5\" data-element_type=\"section\">\n\t\t\t\t\t\t<div class=\"elementor-container elementor-column-gap-default\">\n\t\t\t\t\t<div class=\"elementor-column elementor-col-33 elementor-top-column elementor-element elementor-element-cd08167\" data-id=\"cd08167\" data-element_type=\"column\" data-settings=\"{&quot;background_background&quot;:&quot;classic&quot;}\">\n\t\t\t<div class=\"elementor-widget-wrap elementor-element-populated\">\n\t\t\t\t\t\t<div class=\"elementor-element elementor-element-f5ffdc7 elementor-position-top elementor-widget elementor-widget-image-box\" data-id=\"f5ffdc7\" data-element_type=\"widget\" data-widget_type=\"image-box.default\">\n\t\t\t\t\t<div class=\"elementor-image-box-wrapper\"><figure class=\"elementor-image-box-img\"><a href=\"https:\/\/pruebaccoo.webs.upv.es\/index.php\/convocatorias\/\" tabindex=\"-1\"><img loading=\"lazy\" decoding=\"async\" width=\"614\" height=\"618\" src=\"https:\/\/ccoo2-upv.webs.upv.es\/wp-content\/uploads\/2022\/02\/quince2.jpg\" class=\"elementor-animation-grow attachment-full size-full wp-image-2718\" alt=\"\" srcset=\"https:\/\/ccoo2-upv.webs.upv.es\/wp-content\/uploads\/2022\/02\/quince2.jpg 614w, https:\/\/ccoo2-upv.webs.upv.es\/wp-content\/uploads\/2022\/02\/quince2-298x300.jpg 298w, https:\/\/ccoo2-upv.webs.upv.es\/wp-content\/uploads\/2022\/02\/quince2-150x150.jpg 150w\" sizes=\"(max-width: 614px) 100vw, 614px\" \/><\/a><\/figure><div class=\"elementor-image-box-content\"><h3 class=\"elementor-image-box-title\"><a href=\"https:\/\/pruebaccoo.webs.upv.es\/index.php\/convocatorias\/\">CONVOCAT\u00d2RIES<\/a><\/h3><p class=\"elementor-image-box-description\">Convocat\u00f2ries per a places de personal fix, temporal i borses de treball per a la Universitat Polit\u00e8cnica de Val\u00e8ncia\u00a0<\/p><\/div><\/div>\t\t\t\t<\/div>\n\t\t\t\t\t<\/div>\n\t\t<\/div>\n\t\t\t\t<div class=\"elementor-column elementor-col-33 elementor-top-column elementor-element elementor-element-e38823b\" data-id=\"e38823b\" data-element_type=\"column\" data-settings=\"{&quot;background_background&quot;:&quot;classic&quot;}\">\n\t\t\t<div class=\"elementor-widget-wrap elementor-element-populated\">\n\t\t\t\t\t\t<div class=\"elementor-element elementor-element-c52a4b7 elementor-position-top elementor-widget elementor-widget-image-box\" data-id=\"c52a4b7\" data-element_type=\"widget\" data-widget_type=\"image-box.default\">\n\t\t\t\t\t<div class=\"elementor-image-box-wrapper\"><figure class=\"elementor-image-box-img\"><a href=\"https:\/\/pruebaccoo.webs.upv.es\/index.php\/carrera-profesional\/\" tabindex=\"-1\"><img loading=\"lazy\" decoding=\"async\" width=\"646\" height=\"652\" src=\"https:\/\/ccoo2-upv.webs.upv.es\/wp-content\/uploads\/2022\/02\/16.jpg\" class=\"elementor-animation-grow attachment-full size-full wp-image-2719\" alt=\"\" srcset=\"https:\/\/ccoo2-upv.webs.upv.es\/wp-content\/uploads\/2022\/02\/16.jpg 646w, https:\/\/ccoo2-upv.webs.upv.es\/wp-content\/uploads\/2022\/02\/16-297x300.jpg 297w, https:\/\/ccoo2-upv.webs.upv.es\/wp-content\/uploads\/2022\/02\/16-150x150.jpg 150w\" sizes=\"(max-width: 646px) 100vw, 646px\" \/><\/a><\/figure><div class=\"elementor-image-box-content\"><h3 class=\"elementor-image-box-title\"><a href=\"https:\/\/pruebaccoo.webs.upv.es\/index.php\/carrera-profesional\/\">CARRERA PROFESIONAL<\/a><\/h3><p class=\"elementor-image-box-description\">Tot el que necessites saber sobre la carrera Professional en la UPV<\/p><\/div><\/div>\t\t\t\t<\/div>\n\t\t\t\t\t<\/div>\n\t\t<\/div>\n\t\t\t\t<div class=\"elementor-column elementor-col-33 elementor-top-column elementor-element elementor-element-28dd9a0\" data-id=\"28dd9a0\" data-element_type=\"column\" data-settings=\"{&quot;background_background&quot;:&quot;classic&quot;}\">\n\t\t\t<div class=\"elementor-widget-wrap elementor-element-populated\">\n\t\t\t\t\t\t<div class=\"elementor-element elementor-element-64c1131 elementor-position-top elementor-widget elementor-widget-image-box\" data-id=\"64c1131\" data-element_type=\"widget\" data-widget_type=\"image-box.default\">\n\t\t\t\t\t<div class=\"elementor-image-box-wrapper\"><figure class=\"elementor-image-box-img\"><a href=\"https:\/\/pruebaccoo.webs.upv.es\/index.php\/transparencia\/\" tabindex=\"-1\"><img loading=\"lazy\" decoding=\"async\" width=\"679\" height=\"697\" src=\"https:\/\/ccoo2-upv.webs.upv.es\/wp-content\/uploads\/2022\/01\/catorce.jpg\" class=\"elementor-animation-grow attachment-full size-full wp-image-2457\" alt=\"\" srcset=\"https:\/\/ccoo2-upv.webs.upv.es\/wp-content\/uploads\/2022\/01\/catorce.jpg 679w, https:\/\/ccoo2-upv.webs.upv.es\/wp-content\/uploads\/2022\/01\/catorce-292x300.jpg 292w\" sizes=\"(max-width: 679px) 100vw, 679px\" \/><\/a><\/figure><div class=\"elementor-image-box-content\"><h3 class=\"elementor-image-box-title\"><a href=\"https:\/\/pruebaccoo.webs.upv.es\/index.php\/transparencia\/\">TRANSPAR\u00c8NCIA<\/a><\/h3><p class=\"elementor-image-box-description\">Informe sobre les despeses anuals i comptes del sindicat\u00a0<\/p><\/div><\/div>\t\t\t\t<\/div>\n\t\t\t\t\t<\/div>\n\t\t<\/div>\n\t\t\t\t\t<\/div>\n\t\t<\/section>\n\t\t\t\t<\/div>\n\t\t","protected":false},"excerpt":{"rendered":"<p>Not\u00edcies d\u00b4Actualitat Not\u00edcies d\u00b4Actualitat Assemblea Oposicions Mestres, Cursos de Valenci\u00e0, Reforma Laboral Assemblea d&#8217;Oposicions de mestres 2022 Si dimarts 8 [&hellip;]<\/p>\n","protected":false},"author":2,"featured_media":0,"parent":0,"menu_order":0,"comment_status":"closed","ping_status":"closed","template":"","meta":{"site-sidebar-layout":"no-sidebar","site-content-layout":"plain-container","ast-site-content-layout":"default","site-content-style":"default","site-sidebar-style":"default","ast-global-header-display":"","ast-banner-title-visibility":"","ast-main-header-display":"","ast-hfb-above-header-display":"","ast-hfb-below-header-display":"","ast-hfb-mobile-header-display":"","site-post-title":"disabled","ast-breadcrumbs-content":"","ast-featured-img":"disabled","footer-sml-layout":"","theme-transparent-header-meta":"default","adv-header-id-meta":"","stick-header-meta":"","header-above-stick-meta":"","header-main-stick-meta":"","header-below-stick-meta":"","astra-migrate-meta-layouts":"default","ast-page-background-enabled":"default","ast-page-background-meta":{"desktop":{"background-color":"var(--ast-global-color-5)","background-image":"","background-repeat":"repeat","background-position":"center center","background-size":"auto","background-attachment":"scroll","background-type":"","background-media":"","overlay-type":"","overlay-color":"","overlay-opacity":"","overlay-gradient":""},"tablet":{"background-color":"","background-image":"","background-repeat":"repeat","background-position":"center center","background-size":"auto","background-attachment":"scroll","background-type":"","background-media":"","overlay-type":"","overlay-color":"","overlay-opacity":"","overlay-gradient":""},"mobile":{"background-color":"","background-image":"","background-repeat":"repeat","background-position":"center center","background-size":"auto","background-attachment":"scroll","background-type":"","background-media":"","overlay-type":"","overlay-color":"","overlay-opacity":"","overlay-gradient":""}},"ast-content-background-meta":{"desktop":{"background-color":"var(--ast-global-color-4)","background-image":"","background-repeat":"repeat","background-position":"center center","background-size":"auto","background-attachment":"scroll","background-type":"","background-media":"","overlay-type":"","overlay-color":"","overlay-opacity":"","overlay-gradient":""},"tablet":{"background-color":"var(--ast-global-color-4)","background-image":"","background-repeat":"repeat","background-position":"center center","background-size":"auto","background-attachment":"scroll","background-type":"","background-media":"","overlay-type":"","overlay-color":"","overlay-opacity":"","overlay-gradient":""},"mobile":{"background-color":"var(--ast-global-color-4)","background-image":"","background-repeat":"repeat","background-position":"center center","background-size":"auto","background-attachment":"scroll","background-type":"","background-media":"","overlay-type":"","overlay-color":"","overlay-opacity":"","overlay-gradient":""}},"footnotes":""},"class_list":["post-63","page","type-page","status-publish","hentry"],"rttpg_featured_image_url":null,"rttpg_author":{"display_name":"jose marin","author_link":"https:\/\/ccoo2-upv.webs.upv.es\/?author=2"},"rttpg_comment":0,"rttpg_category":null,"rttpg_excerpt":"Not\u00edcies d\u00b4Actualitat Not\u00edcies d\u00b4Actualitat Assemblea Oposicions Mestres, Cursos de Valenci\u00e0, Reforma Laboral Assemblea d&#8217;Oposicions de mestres 2022 Si dimarts 8 [&hellip;]","_links":{"self":[{"href":"https:\/\/ccoo2-upv.webs.upv.es\/index.php?rest_route=\/wp\/v2\/pages\/63","targetHints":{"allow":["GET"]}}],"collection":[{"href":"https:\/\/ccoo2-upv.webs.upv.es\/index.php?rest_route=\/wp\/v2\/pages"}],"about":[{"href":"https:\/\/ccoo2-upv.webs.upv.es\/index.php?rest_route=\/wp\/v2\/types\/page"}],"author":[{"embeddable":true,"href":"https:\/\/ccoo2-upv.webs.upv.es\/index.php?rest_route=\/wp\/v2\/users\/2"}],"replies":[{"embeddable":true,"href":"https:\/\/ccoo2-upv.webs.upv.es\/index.php?rest_route=%2Fwp%2Fv2%2Fcomments&post=63"}],"version-history":[{"count":2,"href":"https:\/\/ccoo2-upv.webs.upv.es\/index.php?rest_route=\/wp\/v2\/pages\/63\/revisions"}],"predecessor-version":[{"id":5613,"href":"https:\/\/ccoo2-upv.webs.upv.es\/index.php?rest_route=\/wp\/v2\/pages\/63\/revisions\/5613"}],"wp:attachment":[{"href":"https:\/\/ccoo2-upv.webs.upv.es\/index.php?rest_route=%2Fwp%2Fv2%2Fmedia&parent=63"}],"curies":[{"name":"wp","href":"https:\/\/api.w.org\/{rel}","templated":true}]}}